{"id":2681,"date":"2024-10-07T06:19:02","date_gmt":"2024-10-07T06:19:02","guid":{"rendered":"https:\/\/hanselmann.de\/?page_id=2681"},"modified":"2025-11-26T12:16:15","modified_gmt":"2025-11-26T12:16:15","slug":"contact","status":"publish","type":"page","link":"https:\/\/hanselmann.de\/en\/kontakt\/","title":{"rendered":"Contact us"},"content":{"rendered":"\t\t<div data-elementor-type=\"wp-page\" data-elementor-id=\"2681\" class=\"elementor elementor-2681\" data-elementor-post-type=\"page\">\n\t\t\t\t<div class=\"elementor-element elementor-element-50d3c42 e-con-full sty_remove_padding sty_margin_bottom_1 e-flex e-con e-parent\" data-id=\"50d3c42\" data-element_type=\"container\" data-e-type=\"container\">\n\t\t\t\t<div class=\"elementor-element elementor-element-51247ff sty_padding_inner_top_2 elementor-widget elementor-widget-s4_site_intro\" data-id=\"51247ff\" data-element_type=\"widget\" data-e-type=\"widget\" data-widget_type=\"s4_site_intro.default\">\n\t\t\t\t<div class=\"elementor-widget-container\">\n\t\t\t\t\t\n\t\t<section class=\"sty_moduleWrapper\"  >\n\n\t\t\t<div class=\"container\">\n\n\t\t\t\n\t\t\t\t<div class=\"align-items-center row sty_content-align-site-intro-center\">\n\t\t\t\t\t<div class=\"col-md-8 sty_siteIntro_text_alignment\">\n\t\t\t\t\t\t<h2 class=\"sty_pb_d sty_txt sty_titleFontColor sty_fontFamilyTitle\" style=\"display:block;\">Anfahrt & Kontakt<\/h2>\n\t\t\t\t\t<\/div>\n\t\t\t\t<\/div>\n\n\t\t\t\t<div class=\"row\"><div class=\"\"><div class=\"sty_image sty_articleImage d-flex justify-content-center\" style=\"position: relative;\"><img decoding=\"async\" width=\"2292\" height=\"1200\" src=\"https:\/\/hanselmann.de\/wp-content\/uploads\/2024\/12\/Hanselmann-Mauer-mit-Logo_2-scaled-e1733145088849.jpg\" class=\"\" alt=\"\" loading=\"lazy\" srcset=\"https:\/\/hanselmann.de\/wp-content\/uploads\/2024\/12\/Hanselmann-Mauer-mit-Logo_2-scaled-e1733145088849.jpg 2292w, https:\/\/hanselmann.de\/wp-content\/uploads\/2024\/12\/Hanselmann-Mauer-mit-Logo_2-scaled-e1733145088849-300x157.jpg 300w, https:\/\/hanselmann.de\/wp-content\/uploads\/2024\/12\/Hanselmann-Mauer-mit-Logo_2-scaled-e1733145088849-1024x536.jpg 1024w, https:\/\/hanselmann.de\/wp-content\/uploads\/2024\/12\/Hanselmann-Mauer-mit-Logo_2-scaled-e1733145088849-768x402.jpg 768w, https:\/\/hanselmann.de\/wp-content\/uploads\/2024\/12\/Hanselmann-Mauer-mit-Logo_2-scaled-e1733145088849-1536x804.jpg 1536w, https:\/\/hanselmann.de\/wp-content\/uploads\/2024\/12\/Hanselmann-Mauer-mit-Logo_2-scaled-e1733145088849-2048x1072.jpg 2048w, https:\/\/hanselmann.de\/wp-content\/uploads\/2024\/12\/Hanselmann-Mauer-mit-Logo_2-scaled-e1733145088849-18x9.jpg 18w\" sizes=\"auto, (max-width: 2292px) 100vw, 2292px\" \/><\/div><\/div><\/div>\n\n\n\n\t\t\t<\/div>\n\t\t<\/section>\n\n\t\t\t\t\t<\/div>\n\t\t\t\t<\/div>\n\t\t\t\t<\/div>\n\t\t<div class=\"elementor-element elementor-element-c34865c e-flex e-con-boxed e-con e-parent\" data-id=\"c34865c\" data-element_type=\"container\" data-e-type=\"container\">\n\t\t\t\t\t<div class=\"e-con-inner\">\n\t\t\t\t<div class=\"elementor-element elementor-element-990b515 sty_margin_bottom_1 elementor-widget elementor-widget-s4_image_text_module\" data-id=\"990b515\" data-element_type=\"widget\" data-e-type=\"widget\" data-widget_type=\"s4_image_text_module.default\">\n\t\t\t\t<div class=\"elementor-widget-container\">\n\t\t\t\t\t\n\t\t<section class=\"sty_moduleWrapper \n    \"\n    data-sticky-scroll=\"\">\n\t\t\t<div class=\"container\">\n\t\t\t\t<div class=\" align-items-center  row\">\n\t\t\t\t\t<div class=\"col-lg-6 me-auto sty_image \">\n\t\t\t\t\t\t<div class=\"sty_image sty_articleImage straggy-image-text-module__image d-flex justify-content-center\" style=\"position: relative;\"><img decoding=\"async\" src=\"https:\/\/hanselmann.de\/wp-content\/uploads\/2024\/11\/Homepage_Empfang-Anita-klein_L-1-e1732699150688.jpg\" loading=\"lazy\" class=\"\" alt=\"\"><\/div>\t\t\t\t\t<\/div>\n\t\t\t\t\t<div class=\"col-lg-5  sty_text_content\">\n\t\t\t\t\t\t<h2 class=\"sty_pb_d sty_txt sty_titleFontColor sty_fontFamilyTitle\" style=\"display:block;\">Kontaktdaten<\/h2><div class=\"sty_pb_e sty_txt sty_fontColor sty_fontFamily\"><p>Telefon: <a href=\"tel:00497951297060\">+49 (0) 7951-29706-0\u2028<\/a><br \/>Telefax:\u00a0 <a href=\"fax:004979512970629\">+49 (0) 7951-29706-29<\/a><br \/>eMail: <a href=\"mailto:info@hanselmann.de\">info@hanselmann.de<\/a><br \/>Web: <a href=\"https:\/\/hanselmann.de\">hanselmann.de<\/a><\/p><\/div>\n\t\t\t\t\t<\/div>\n\t\t\t\t<\/div>\n\t\t\t<\/div>\n\t\t<\/section>\n\n\t\t<style>\n\t\t        .elementor-element-990b515 .sty_moduleWrapper {\n\t\t            height: auto !important;\n\t\t        }\n\t\t    <\/style>\n\t\t\n\t\t\t\t\t<\/div>\n\t\t\t\t<\/div>\n\t\t\t\t\t<\/div>\n\t\t\t\t<\/div>\n\t\t<div class=\"elementor-element elementor-element-87e8ceb sty_margin_bottom_1 e-flex e-con-boxed e-con e-parent\" data-id=\"87e8ceb\" data-element_type=\"container\" data-e-type=\"container\">\n\t\t\t\t\t<div class=\"e-con-inner\">\n\t\t\t\t<div class=\"elementor-element elementor-element-22c9d2b sty-sm col-md-8 sty_content-align-center elementor-widget elementor-widget-heading\" data-id=\"22c9d2b\" data-element_type=\"widget\" data-e-type=\"widget\" data-widget_type=\"heading.default\">\n\t\t\t\t<div class=\"elementor-widget-container\">\n\t\t\t\t\t<h3 class=\"elementor-heading-title elementor-size-default\">Kontaktformular<\/h3>\t\t\t\t<\/div>\n\t\t\t\t<\/div>\n\t\t\t\t<div class=\"elementor-element elementor-element-213edfa sty-sm col-md-8 sty_content-align-center elementor-widget elementor-widget-text-editor\" data-id=\"213edfa\" data-element_type=\"widget\" data-e-type=\"widget\" data-widget_type=\"text-editor.default\">\n\t\t\t\t<div class=\"elementor-widget-container\">\n\t\t\t\t\t\t\t\t\t<p>Sie haben Fragen, kontaktieren Sie uns gerne!<\/p>\t\t\t\t\t\t\t\t<\/div>\n\t\t\t\t<\/div>\n\t\t\t\t<div class=\"elementor-element elementor-element-91b2c2b elementor-button-align-start sty-sm col-md-8 sty_content-align-center elementor-widget elementor-widget-form\" data-id=\"91b2c2b\" data-element_type=\"widget\" data-e-type=\"widget\" data-settings=\"{&quot;step_next_label&quot;:&quot;N\\u00e4chster&quot;,&quot;step_previous_label&quot;:&quot;Voriger&quot;,&quot;button_width&quot;:&quot;100&quot;,&quot;step_type&quot;:&quot;number_text&quot;,&quot;step_icon_shape&quot;:&quot;circle&quot;}\" data-widget_type=\"form.default\">\n\t\t\t\t<div class=\"elementor-widget-container\">\n\t\t\t\t\t\t\t<form class=\"elementor-form\" method=\"post\" name=\"Neues Formular\" aria-label=\"Neues Formular\" novalidate=\"\">\n\t\t\t<input type=\"hidden\" name=\"post_id\" value=\"2681\"\/>\n\t\t\t<input type=\"hidden\" name=\"form_id\" value=\"91b2c2b\"\/>\n\t\t\t<input type=\"hidden\" name=\"referer_title\" value=\"Kontakt - Hanselmann GmbH\" \/>\n\n\t\t\t\t\t\t\t<input type=\"hidden\" name=\"queried_id\" value=\"2681\"\/>\n\t\t\t\n\t\t\t<div class=\"elementor-form-fields-wrapper elementor-labels-\">\n\t\t\t\t\t\t\t\t<div class=\"elementor-field-type-text elementor-field-group elementor-column elementor-field-group-field_1289f13 elementor-col-100\">\n\t\t\t\t\t\t\t\t\t\t\t\t<label for=\"form-field-field_1289f13\" class=\"elementor-field-label elementor-screen-only\">\n\t\t\t\t\t\t\t\tFirma\t\t\t\t\t\t\t<\/label>\n\t\t\t\t\t\t\t\t\t\t\t\t\t\t<input size=\"1\" type=\"text\" name=\"form_fields[field_1289f13]\" id=\"form-field-field_1289f13\" class=\"elementor-field elementor-size-md  elementor-field-textual\" placeholder=\"Firma\">\n\t\t\t\t\t\t\t\t\t\t\t<\/div>\n\t\t\t\t\t\t\t\t<div class=\"elementor-field-type-text elementor-field-group elementor-column elementor-field-group-name elementor-col-100 elementor-field-required\">\n\t\t\t\t\t\t\t\t\t\t\t\t<label for=\"form-field-name\" class=\"elementor-field-label elementor-screen-only\">\n\t\t\t\t\t\t\t\tName\t\t\t\t\t\t\t<\/label>\n\t\t\t\t\t\t\t\t\t\t\t\t\t\t<input size=\"1\" type=\"text\" name=\"form_fields[name]\" id=\"form-field-name\" class=\"elementor-field elementor-size-md  elementor-field-textual\" placeholder=\"Name*\" required=\"required\">\n\t\t\t\t\t\t\t\t\t\t\t<\/div>\n\t\t\t\t\t\t\t\t<div class=\"elementor-field-type-text elementor-field-group elementor-column elementor-field-group-field_2ea6c6f elementor-col-100\">\n\t\t\t\t\t\t\t\t\t\t\t\t<label for=\"form-field-field_2ea6c6f\" class=\"elementor-field-label elementor-screen-only\">\n\t\t\t\t\t\t\t\tVorname\t\t\t\t\t\t\t<\/label>\n\t\t\t\t\t\t\t\t\t\t\t\t\t\t<input size=\"1\" type=\"text\" name=\"form_fields[field_2ea6c6f]\" id=\"form-field-field_2ea6c6f\" class=\"elementor-field elementor-size-md  elementor-field-textual\" placeholder=\"Vorname\">\n\t\t\t\t\t\t\t\t\t\t\t<\/div>\n\t\t\t\t\t\t\t\t<div class=\"elementor-field-type-email elementor-field-group elementor-column elementor-field-group-email elementor-col-100 elementor-field-required\">\n\t\t\t\t\t\t\t\t\t\t\t\t<label for=\"form-field-email\" class=\"elementor-field-label elementor-screen-only\">\n\t\t\t\t\t\t\t\tE-Mail\t\t\t\t\t\t\t<\/label>\n\t\t\t\t\t\t\t\t\t\t\t\t\t\t<input size=\"1\" type=\"email\" name=\"form_fields[email]\" id=\"form-field-email\" class=\"elementor-field elementor-size-md  elementor-field-textual\" placeholder=\"E-Mail*\" required=\"required\">\n\t\t\t\t\t\t\t\t\t\t\t<\/div>\n\t\t\t\t\t\t\t\t<div class=\"elementor-field-type-tel elementor-field-group elementor-column elementor-field-group-field_c2bb1b5 elementor-col-100\">\n\t\t\t\t\t\t\t\t\t\t\t\t<label for=\"form-field-field_c2bb1b5\" class=\"elementor-field-label elementor-screen-only\">\n\t\t\t\t\t\t\t\tTelefon\t\t\t\t\t\t\t<\/label>\n\t\t\t\t\t\t\t\t<input size=\"1\" type=\"tel\" name=\"form_fields[field_c2bb1b5]\" id=\"form-field-field_c2bb1b5\" class=\"elementor-field elementor-size-md  elementor-field-textual\" placeholder=\"Telefon\" pattern=\"[0-9()#&amp;+*-=.]+\" title=\"Only numbers and phone characters (#, -, *, etc) are accepted.\">\n\n\t\t\t\t\t\t<\/div>\n\t\t\t\t\t\t\t\t<div class=\"elementor-field-type-text elementor-field-group elementor-column elementor-field-group-field_65bb1b1 elementor-col-100 elementor-field-required\">\n\t\t\t\t\t\t\t\t\t\t\t\t<label for=\"form-field-field_65bb1b1\" class=\"elementor-field-label elementor-screen-only\">\n\t\t\t\t\t\t\t\tBetreff\t\t\t\t\t\t\t<\/label>\n\t\t\t\t\t\t\t\t\t\t\t\t\t\t<input size=\"1\" type=\"text\" name=\"form_fields[field_65bb1b1]\" id=\"form-field-field_65bb1b1\" class=\"elementor-field elementor-size-md  elementor-field-textual\" placeholder=\"Betreff*\" required=\"required\">\n\t\t\t\t\t\t\t\t\t\t\t<\/div>\n\t\t\t\t\t\t\t\t<div class=\"elementor-field-type-textarea elementor-field-group elementor-column elementor-field-group-message elementor-col-100\">\n\t\t\t\t\t\t\t\t\t\t\t\t<label for=\"form-field-message\" class=\"elementor-field-label elementor-screen-only\">\n\t\t\t\t\t\t\t\tNachricht\t\t\t\t\t\t\t<\/label>\n\t\t\t\t\t\t<textarea class=\"elementor-field-textual elementor-field  elementor-size-md\" name=\"form_fields[message]\" id=\"form-field-message\" rows=\"4\" placeholder=\"Nachricht hier eintippen\"><\/textarea>\t\t\t\t<\/div>\n\t\t\t\t\t\t\t\t<div class=\"elementor-field-type-hcaptcha elementor-field-group elementor-column elementor-field-group-field_c1b7d24 elementor-col-100\">\n\t\t\t\t\t<div class=\"elementor-field\" id=\"form-field-field_c1b7d24\"><div class=\"elementor-hcaptcha\">\t\t<input\n\t\t\t\ttype=\"hidden\"\n\t\t\t\tclass=\"hcaptcha-widget-id\"\n\t\t\t\tname=\"hcaptcha-widget-id\"\n\t\t\t\tvalue=\"eyJzb3VyY2UiOlsiZWxlbWVudG9yLXByb1wvZWxlbWVudG9yLXByby5waHAiXSwiZm9ybV9pZCI6MH0=-d1af31263e6c44bf1d9c6c1cc6fcdb03\">\n\t\t\t\t<h-captcha\n\t\t\tclass=\"h-captcha\"\n\t\t\tdata-sitekey=\"e922a60c-c842-463c-a2d0-5ad4394e3624\"\n\t\t\tdata-theme=\"light\"\n\t\t\tdata-size=\"normal\"\n\t\t\tdata-auto=\"false\"\n\t\t\tdata-ajax=\"false\"\n\t\t\tdata-force=\"false\">\n\t\t<\/h-captcha>\n\t\t<\/div><\/div>\t\t\t\t<\/div>\n\t\t\t\t\t\t\t\t<div class=\"elementor-field-type-text\">\n\t\t\t\t\t<input size=\"1\" type=\"text\" name=\"form_fields[field_f58fe33]\" id=\"form-field-field_f58fe33\" class=\"elementor-field elementor-size-md \" style=\"display:none !important;\">\t\t\t\t<\/div>\n\t\t\t\t\t\t\t\t<div class=\"elementor-field-group elementor-column elementor-field-type-submit elementor-col-100 e-form__buttons\">\n\t\t\t\t\t<button class=\"elementor-button elementor-size-sm\" type=\"submit\">\n\t\t\t\t\t\t<span class=\"elementor-button-content-wrapper\">\n\t\t\t\t\t\t\t\t\t\t\t\t\t\t\t\t\t\t\t\t\t\t<span class=\"elementor-button-text\">Anfrage abschicken<\/span>\n\t\t\t\t\t\t\t\t\t\t\t\t\t<\/span>\n\t\t\t\t\t<\/button>\n\t\t\t\t<\/div>\n\t\t\t<\/div>\n\t\t<\/form>\n\t\t\t\t\t\t<\/div>\n\t\t\t\t<\/div>\n\t\t\t\t\t<\/div>\n\t\t\t\t<\/div>\n\t\t<div class=\"elementor-element elementor-element-d54fd91 sty_margin_bottom_1 e-flex e-con-boxed e-con e-parent\" data-id=\"d54fd91\" data-element_type=\"container\" data-e-type=\"container\">\n\t\t\t\t\t<div class=\"e-con-inner\">\n\t\t\t\t<div class=\"elementor-element elementor-element-cea4b80 sty_margin_bottom_3 s4_changeOrder elementor-widget elementor-widget-s4_image_text_module\" data-id=\"cea4b80\" data-element_type=\"widget\" data-e-type=\"widget\" data-widget_type=\"s4_image_text_module.default\">\n\t\t\t\t<div class=\"elementor-widget-container\">\n\t\t\t\t\t\n\t\t<section class=\"sty_moduleWrapper \n    \"\n    data-sticky-scroll=\"\">\n\t\t\t<div class=\"container\">\n\t\t\t\t<div class=\" align-items-center  row\">\n\t\t\t\t\t<div class=\"col-lg-6 me-auto sty_image \">\n\t\t\t\t\t\t<div class=\"sty_image sty_articleImage straggy-image-text-module__image d-flex justify-content-center\" style=\"position: relative;\"><img decoding=\"async\" src=\"https:\/\/hanselmann.de\/wp-content\/uploads\/2024\/11\/Rotebachring_hauptsitz_google_maps_mit_pin.jpg\" loading=\"lazy\" class=\"\" alt=\"\"><\/div>\t\t\t\t\t<\/div>\n\t\t\t\t\t<div class=\"col-lg-5  sty_text_content\">\n\t\t\t\t\t\t<h2 class=\"sty_pb_d sty_txt sty_titleFontColor sty_fontFamilyTitle\" style=\"display:block;\">Adresse Hauptsitz<\/h2><div class=\"sty_pb_e sty_txt sty_fontColor sty_fontFamily\"><p>Hanselmann GmbH<br \/>Rotebachring 39<br \/>74564 Crailsheim<br \/>Deutschland\u00a0<\/p><\/div>        <div class=\"sty_pb_e\">\n            <div class='elementor-button-wrapper '>\n                                    <a class=\"elementor-button elementor-button-link elementor-size-sm   primary-button-bg\" href=\"https:\/\/maps.app.goo.gl\/QgzSF9reJYpw1mPj7\" id=\"\" target=\"_blank\" rel=\"noopener\">\n                        <span class=\"elementor-button-content-wrapper\" >\n                                                        <span class=\"elementor-button-text\">Anfahrt planen<\/span>\n                        <\/span>\n                    <\/a>\n                \n                \n                            <\/div>\n                    <\/div>\n        \n\t\t\t\t\t<\/div>\n\t\t\t\t<\/div>\n\t\t\t<\/div>\n\t\t<\/section>\n\n\t\t<style>\n\t\t        .elementor-element-cea4b80 .sty_moduleWrapper {\n\t\t            height: auto !important;\n\t\t        }\n\t\t    <\/style>\n\t\t\n\t\t\t\t\t<\/div>\n\t\t\t\t<\/div>\n\t\t\t\t<div class=\"elementor-element elementor-element-605b76b sty_margin_bottom_3 elementor-widget elementor-widget-s4_image_text_module\" data-id=\"605b76b\" data-element_type=\"widget\" data-e-type=\"widget\" data-widget_type=\"s4_image_text_module.default\">\n\t\t\t\t<div class=\"elementor-widget-container\">\n\t\t\t\t\t\n\t\t<section class=\"sty_moduleWrapper \n    \"\n    data-sticky-scroll=\"\">\n\t\t\t<div class=\"container\">\n\t\t\t\t<div class=\" align-items-center  row\">\n\t\t\t\t\t<div class=\"col-lg-6 me-auto sty_image \">\n\t\t\t\t\t\t<div class=\"sty_image sty_articleImage straggy-image-text-module__image d-flex justify-content-center\" style=\"position: relative;\"><img decoding=\"async\" src=\"https:\/\/hanselmann.de\/wp-content\/uploads\/2024\/11\/RAS_google-maps_1_pin.jpg\" loading=\"lazy\" class=\"\" alt=\"\"><\/div>\t\t\t\t\t<\/div>\n\t\t\t\t\t<div class=\"col-lg-5  sty_text_content\">\n\t\t\t\t\t\t<h2 class=\"sty_pb_d sty_txt sty_titleFontColor sty_fontFamilyTitle\" style=\"display:block;\">Adresse Logistikzentrum<\/h2><div class=\"sty_pb_e sty_txt sty_fontColor sty_fontFamily\"><p>Hanselmann GmbH<br \/>Stein\u00e4ckerstra\u00dfe 16<br \/>74585 Rot am See<br \/>Deutschland\u00a0<\/p><\/div>        <div class=\"sty_pb_e\">\n            <div class='elementor-button-wrapper '>\n                                    <a class=\"elementor-button elementor-button-link elementor-size-sm   primary-button-bg\" href=\"https:\/\/maps.app.goo.gl\/k5NUzuHL9vVLVMP68\" id=\"\" target=\"_blank\" rel=\"noopener\">\n                        <span class=\"elementor-button-content-wrapper\" >\n                                                        <span class=\"elementor-button-text\">Anfahrt planen<\/span>\n                        <\/span>\n                    <\/a>\n                \n                \n                            <\/div>\n                    <\/div>\n        \n\t\t\t\t\t<\/div>\n\t\t\t\t<\/div>\n\t\t\t<\/div>\n\t\t<\/section>\n\n\t\t<style>\n\t\t        .elementor-element-605b76b .sty_moduleWrapper {\n\t\t            height: auto !important;\n\t\t        }\n\t\t    <\/style>\n\t\t\n\t\t\t\t\t<\/div>\n\t\t\t\t<\/div>\n\t\t\t\t<div class=\"elementor-element elementor-element-4793da1 sty_margin_bottom_1 s4_changeOrder elementor-widget elementor-widget-s4_image_text_module\" data-id=\"4793da1\" data-element_type=\"widget\" data-e-type=\"widget\" data-widget_type=\"s4_image_text_module.default\">\n\t\t\t\t<div class=\"elementor-widget-container\">\n\t\t\t\t\t\n\t\t<section class=\"sty_moduleWrapper \n    \"\n    data-sticky-scroll=\"\">\n\t\t\t<div class=\"container\">\n\t\t\t\t<div class=\" align-items-center  row\">\n\t\t\t\t\t<div class=\"col-lg-6 me-auto sty_image \">\n\t\t\t\t\t\t<div class=\"sty_image sty_articleImage straggy-image-text-module__image d-flex justify-content-center\" style=\"position: relative;\"><img decoding=\"async\" src=\"https:\/\/hanselmann.de\/wp-content\/uploads\/2024\/11\/Karte_rossfelderstr_aussenlager_farbe_2.jpg\" loading=\"lazy\" class=\"\" alt=\"\"><\/div>\t\t\t\t\t<\/div>\n\t\t\t\t\t<div class=\"col-lg-5  sty_text_content\">\n\t\t\t\t\t\t<h2 class=\"sty_pb_d sty_txt sty_titleFontColor sty_fontFamilyTitle\" style=\"display:block;\">Adresse Au\u00dfenlager<\/h2><div class=\"sty_pb_e sty_txt sty_fontColor sty_fontFamily\"><p>Hanselmann GmbH\u2028<br \/>Ro\u00dffelderstra\u00dfe 42<br \/>74564 Crailsheim\u2028<br \/>Deutschland\u00a0<\/p><\/div>        <div class=\"sty_pb_e\">\n            <div class='elementor-button-wrapper '>\n                                    <a class=\"elementor-button elementor-button-link elementor-size-sm   primary-button-bg\" href=\"https:\/\/maps.app.goo.gl\/T8vTNx43ffuyaXq69\" id=\"\" target=\"_blank\" rel=\"noopener\">\n                        <span class=\"elementor-button-content-wrapper\" >\n                                                        <span class=\"elementor-button-text\">Anfahrt planen<\/span>\n                        <\/span>\n                    <\/a>\n                \n                \n                            <\/div>\n                    <\/div>\n        \n\t\t\t\t\t<\/div>\n\t\t\t\t<\/div>\n\t\t\t<\/div>\n\t\t<\/section>\n\n\t\t<style>\n\t\t        .elementor-element-4793da1 .sty_moduleWrapper {\n\t\t            height: auto !important;\n\t\t        }\n\t\t    <\/style>\n\t\t\n\t\t\t\t\t<\/div>\n\t\t\t\t<\/div>\n\t\t\t\t\t<\/div>\n\t\t\t\t<\/div>\n\t\t<div class=\"elementor-element elementor-element-45d7b3e e-con-full sty_remove_padding e-flex e-con e-parent\" data-id=\"45d7b3e\" data-element_type=\"container\" data-e-type=\"container\">\n\t\t\t\t<div class=\"elementor-element elementor-element-e2ba4e7 elementor-widget elementor-widget-template\" data-id=\"e2ba4e7\" data-element_type=\"widget\" data-e-type=\"widget\" data-widget_type=\"template.default\">\n\t\t\t\t<div class=\"elementor-widget-container\">\n\t\t\t\t\t\t\t<div class=\"elementor-template\">\n\t\t\t\t\t<div data-elementor-type=\"container\" data-elementor-id=\"5344\" class=\"elementor elementor-5344\" data-elementor-post-type=\"elementor_library\">\n\t\t\t\t<div class=\"elementor-element elementor-element-5f80872d e-con-full sty_remove_padding e-flex e-con e-parent\" data-id=\"5f80872d\" data-element_type=\"container\" data-e-type=\"container\">\n\t\t\t\t<div class=\"elementor-element elementor-element-648ecebe elementor-widget elementor-widget-s4_attention_grabber\" data-id=\"648ecebe\" data-element_type=\"widget\" data-e-type=\"widget\" data-widget_type=\"s4_attention_grabber.default\">\n\t\t\t\t<div class=\"elementor-widget-container\">\n\t\t\t\t\t\n\t\t<section class=\"sty_moduleWrapper\">\n\t\t\t<div class=\"container-fluid sty_fullwidthAttentionGrabber\">\n\t\t\t\t<div class=\"row\">\n\t\t\t\t\t<div class=\"col-lg-4 me-auto sty_image left-image sty_fullwidthAttentionGrabberImageHeight sty_image-container\" style=\"min-height: 500px;\">\n\t\t\t\t\t\t<img decoding=\"async\" width=\"800\" height=\"507\" src=\"https:\/\/hanselmann.de\/wp-content\/uploads\/2024\/10\/Foto_JMG-Team01-scaled-e1732010901387-1024x649.jpg\" class=\"object-fit-cover w-100 h-100\" alt=\"Team Hanselmann vor JMG Krane\" loading=\"lazy\" srcset=\"https:\/\/hanselmann.de\/wp-content\/uploads\/2024\/10\/Foto_JMG-Team01-scaled-e1732010901387-1024x649.jpg 1024w, https:\/\/hanselmann.de\/wp-content\/uploads\/2024\/10\/Foto_JMG-Team01-scaled-e1732010901387-300x190.jpg 300w, https:\/\/hanselmann.de\/wp-content\/uploads\/2024\/10\/Foto_JMG-Team01-scaled-e1732010901387-768x487.jpg 768w, https:\/\/hanselmann.de\/wp-content\/uploads\/2024\/10\/Foto_JMG-Team01-scaled-e1732010901387-1536x973.jpg 1536w, https:\/\/hanselmann.de\/wp-content\/uploads\/2024\/10\/Foto_JMG-Team01-scaled-e1732010901387-2048x1297.jpg 2048w, https:\/\/hanselmann.de\/wp-content\/uploads\/2024\/10\/Foto_JMG-Team01-scaled-e1732010901387-18x12.jpg 18w\" sizes=\"auto, (max-width: 800px) 100vw, 800px\" \/>\t\t\t\t\t<\/div>\n\t\t\t\t\t<div class=\"col-lg-4 center-content sty_attentionGrabberCenterBackground\">\n\t\t\t\t\t\t\n\t\t\t\t\t<h2 class=\"sty_pb_d sty_txt sty_titleFontColor sty_titleFontFamily\" style=\"display:block;\">Hanselmann gef\u00e4llt: Hohe Kundenzufriedenheit bei Google<\/h2><div class=\"sty_pb_e sty_txt sty_fontColor sty_textFontFamily\"><p class=\"p1\">Unsere langj\u00e4hrige Erfahrung sowie unser kundenorientiertes Handeln sorgen daf\u00fcr, dass unsere Kunden stets <b>h\u00f6chste Qualit\u00e4t<\/b> und<b> Zuverl\u00e4ssigkeit<\/b> erwarten k\u00f6nnen. Dies spiegelt sich auch in den zahlreichen positiven Google-Bewertungen wider. \u00dcberzeugen Sie sich selbst von unserer Expertise und werden Sie Teil unserer zufriedenen Kunden.<\/p><p><img loading=\"lazy\" decoding=\"async\" class=\"alignnone size-medium wp-image-2945\" src=\"https:\/\/hanselmann.de\/wp-content\/uploads\/2024\/10\/Group-90-300x57.jpg\" alt=\"\" width=\"300\" height=\"57\" srcset=\"https:\/\/hanselmann.de\/wp-content\/uploads\/2024\/10\/Group-90-300x57.jpg 300w, https:\/\/hanselmann.de\/wp-content\/uploads\/2024\/10\/Group-90.jpg 354w\" sizes=\"auto, (max-width: 300px) 100vw, 300px\" \/><\/p><\/div>\n\t\t\t\t\t<\/div>\n\t\t\t\t\t<div class=\"col-lg-4 ms-auto sty_image right-image sty_fullwidthAttentionGrabberImageHeight sty_image-container\" style=\"min-height: 500px;\">\n\t\t\t\t\t\t<img decoding=\"async\" width=\"606\" height=\"1024\" src=\"https:\/\/hanselmann.de\/wp-content\/uploads\/2024\/11\/Foto_hanselmann_kaufen_Manitou_weltweit_mieten-e1731667089346-606x1024.jpg\" class=\"object-fit-cover w-100 h-100\" alt=\"\" loading=\"lazy\" srcset=\"https:\/\/hanselmann.de\/wp-content\/uploads\/2024\/11\/Foto_hanselmann_kaufen_Manitou_weltweit_mieten-e1731667089346-606x1024.jpg 606w, https:\/\/hanselmann.de\/wp-content\/uploads\/2024\/11\/Foto_hanselmann_kaufen_Manitou_weltweit_mieten-e1731667089346-177x300.jpg 177w, https:\/\/hanselmann.de\/wp-content\/uploads\/2024\/11\/Foto_hanselmann_kaufen_Manitou_weltweit_mieten-e1731667089346-768x1299.jpg 768w, https:\/\/hanselmann.de\/wp-content\/uploads\/2024\/11\/Foto_hanselmann_kaufen_Manitou_weltweit_mieten-e1731667089346-908x1536.jpg 908w, https:\/\/hanselmann.de\/wp-content\/uploads\/2024\/11\/Foto_hanselmann_kaufen_Manitou_weltweit_mieten-e1731667089346-7x12.jpg 7w, https:\/\/hanselmann.de\/wp-content\/uploads\/2024\/11\/Foto_hanselmann_kaufen_Manitou_weltweit_mieten-e1731667089346.jpg 1211w\" sizes=\"auto, (max-width: 606px) 100vw, 606px\" \/>\t\t\t\t\t<\/div>\n\t\t\t\t<\/div>\n\t\t\t<\/div>\n\t\t<\/section>\n\n\n\n\n\n\t\t\t\t\t<\/div>\n\t\t\t\t<\/div>\n\t\t\t\t<\/div>\n\t\t\t\t<\/div>\n\t\t\t\t<\/div>\n\t\t\t\t\t\t<\/div>\n\t\t\t\t<\/div>\n\t\t\t\t<\/div>\n\t\t\t\t<\/div>\n\t\t","protected":false},"excerpt":{"rendered":"<p>Anfahrt &#038; Kontakt Kontaktdaten Telefon: +49 (0) 7951-29706-0\u2028Telefax:\u00a0 +49 (0) 7951-29706-29eMail: info@hanselmann.deWeb: hanselmann.de Kontaktformular Sie haben Fragen, kontaktieren Sie uns gerne! Adresse Hauptsitz Hanselmann GmbHRotebachring 3974564 CrailsheimDeutschland\u00a0 Anfahrt planen Adresse Logistikzentrum Hanselmann GmbHStein\u00e4ckerstra\u00dfe 1674585 Rot am SeeDeutschland\u00a0 Anfahrt planen Adresse Au\u00dfenlager Hanselmann GmbH\u2028Ro\u00dffelderstra\u00dfe 4274564 Crailsheim\u2028Deutschland\u00a0 Anfahrt planen<\/p>","protected":false},"author":1,"featured_media":0,"parent":0,"menu_order":0,"comment_status":"closed","ping_status":"closed","template":"","meta":{"_acf_changed":false,"footnotes":""},"class_list":["post-2681","page","type-page","status-publish","hentry"],"acf":[],"_links":{"self":[{"href":"https:\/\/hanselmann.de\/en\/wp-json\/wp\/v2\/pages\/2681","targetHints":{"allow":["GET"]}}],"collection":[{"href":"https:\/\/hanselmann.de\/en\/wp-json\/wp\/v2\/pages"}],"about":[{"href":"https:\/\/hanselmann.de\/en\/wp-json\/wp\/v2\/types\/page"}],"author":[{"embeddable":true,"href":"https:\/\/hanselmann.de\/en\/wp-json\/wp\/v2\/users\/1"}],"replies":[{"embeddable":true,"href":"https:\/\/hanselmann.de\/en\/wp-json\/wp\/v2\/comments?post=2681"}],"version-history":[{"count":3,"href":"https:\/\/hanselmann.de\/en\/wp-json\/wp\/v2\/pages\/2681\/revisions"}],"predecessor-version":[{"id":40874,"href":"https:\/\/hanselmann.de\/en\/wp-json\/wp\/v2\/pages\/2681\/revisions\/40874"}],"wp:attachment":[{"href":"https:\/\/hanselmann.de\/en\/wp-json\/wp\/v2\/media?parent=2681"}],"curies":[{"name":"wp","href":"https:\/\/api.w.org\/{rel}","templated":true}]}}