{"id":36559,"date":"2025-07-30T08:24:51","date_gmt":"2025-07-30T08:24:51","guid":{"rendered":"https:\/\/hanselmann.de\/marken\/jlg\/buehne\/"},"modified":"2025-08-15T09:53:39","modified_gmt":"2025-08-15T09:53:39","slug":"stage","status":"publish","type":"page","link":"https:\/\/hanselmann.de\/en\/marken\/jlg\/buehne\/","title":{"rendered":"Stage"},"content":{"rendered":"<div data-elementor-type=\"page\" data-elementor-id=\"36559\" class=\"elementor elementor-36559\" data-elementor-post-type=\"page\">\n\t\t\t\t<div class=\"elementor-element elementor-element-b75e42c e-con-full sty_remove_padding kategorie-custom e-flex e-con e-parent\" data-id=\"b75e42c\" data-element_type=\"container\" data-e-type=\"container\">\n\t\t\t\t<div class=\"elementor-element elementor-element-f7b3584 fh-70vh sty_padding_inner_top_1 elementor-widget elementor-widget-s4_hero_fullwidth_bg_text_left\" data-id=\"f7b3584\" data-element_type=\"widget\" data-e-type=\"widget\" data-widget_type=\"s4_hero_fullwidth_bg_text_left.default\">\n\t\t\t\t<div class=\"elementor-widget-container\">\n\t\t\t\t\t\r\n\t<section class=\"position-relative sty_backgroundCover sty_moduleWrapper d-flex align-items-end justify-content-center\">\r\n                    <div class=\"background-overlay\" style=\"position: absolute; top: 0; left: 0; width: 100%; height: 100%; background-image: linear-gradient(to bottom, #001A3D80, #001A3D8C), url(https:\/\/hanselmann.de\/wp-content\/uploads\/2025\/05\/Ecolift-15.png); background-size: cover; background-position: center;\"><\/div>\r\n        \t\t\t<div class=\"\" style=\"z-index:1;\">\r\n\t\t\t\t<div class=\"container\">\r\n\t\t\t\t\t<div class=\"row\">\r\n\t\t\t\t\t\t<div class=\"col-lg-6\">\r\n\t\t\t\t\t\t\t<h1 class=\"sty_pb_d sty_txt sty_titleFontColor sty_fontFamilyTitle\" style=\"display:block;\">JLG stage<\/h1><div class=\"sty_pb_e sty_txt sty_fontColor sty_fontFamily\"><p><strong>Purchase, hire and service from Hanselmann\u00a0<\/strong><\/p><\/div>        <div class=\"sty_pb_e\">\n            <div class='elementor-button-wrapper'>\n                                    <a class='elementor-button elementor-button-link elementor-size-sm  s4_alternateButtonTypeTransparentWhite primary-button-bg' href=\"https:\/\/app.hanselmann.de\/shop\/buy?q-shop-buy=JLG\" target=\"_blank\" id=\"\">\n                        <span class=\"elementor-button-content-wrapper\" >\n                                                        <span class=\"elementor-button-text\">Discover stage devices<\/span>\n                        <\/span>\n                    <\/a>\n                \n                \n                            <\/div>\n                    <\/div>\n        \t\t\t\t\t\t<\/div>\r\n\t\t\t\t\t<\/div>\r\n\t\t\t\t<\/div>\r\n\r\n\t\t\t\t\r\n\t\t\t<\/div>\r\n\t\t<\/section>\r\n\r\n\t\t\t\t\t<\/div>\n\t\t\t\t<\/div>\n\t\t\t\t<\/div>\n\t\t<div class=\"elementor-element elementor-element-d0f66fd sty_margin_bottom_1 custom-p e-flex e-con-boxed e-con e-parent\" data-id=\"d0f66fd\" data-element_type=\"container\" data-e-type=\"container\">\n\t\t\t\t\t<div class=\"e-con-inner\">\n\t\t\t\t<div class=\"elementor-element elementor-element-95084c1 sty-sm col-md-8 sty_content-align-center elementor-widget elementor-widget-text-editor\" data-id=\"95084c1\" data-element_type=\"widget\" data-e-type=\"widget\" data-widget_type=\"text-editor.default\">\n\t\t\t\t<div class=\"elementor-widget-container\">\n\t\t\t\t\t\t\t\t\t<p>Discover the versatile application possibilities of the <strong>JLG stage<\/strong> on Hanselmann.de. These machines are ideal for working at height and offer outstanding performance in the construction, industrial and logistics sectors. With precise control and high stability, the <strong>JLG Stages<\/strong> efficient and safe working operations, whether for maintenance work in the industrial hall or for installations on construction sites. Their compact design and simple operation make them the ideal partner for a wide range of projects.<\/p><p>As an experienced provider, we support <strong>Hanselmann<\/strong> you with the selection of the right <strong>JLG stage<\/strong> - whether for hire, purchase or as used equipment. Benefit from our comprehensive service and expertise to successfully implement your projects. Place your trust in <strong>Hanselmann<\/strong>, to find the optimum machine solutions for your individual requirements and to organise your work processes more efficiently.<\/p>\t\t\t\t\t\t\t\t<\/div>\n\t\t\t\t<\/div>\n\t\t\t\t\t<\/div>\n\t\t\t\t<\/div>\n\t\t<div class=\"elementor-element elementor-element-7fc1020 sty_padding_inner_container_top_3 sty_padding_inner_container_bottom_3 sty_margin_bottom_1 e-flex e-con-boxed e-con e-parent\" data-id=\"7fc1020\" data-element_type=\"container\" data-e-type=\"container\" data-settings=\"{&quot;background_background&quot;:&quot;classic&quot;}\">\n\t\t\t\t\t<div class=\"e-con-inner\">\n\t\t<div class=\"elementor-element elementor-element-0e40575 e-con-full e-flex e-con e-child\" data-id=\"0e40575\" data-element_type=\"container\" data-e-type=\"container\">\n\t\t\t\t<div class=\"elementor-element elementor-element-8cb3780 elementor-widget__width-initial elementor-widget elementor-widget-heading\" data-id=\"8cb3780\" data-element_type=\"widget\" data-e-type=\"widget\" data-widget_type=\"heading.default\">\n\t\t\t\t<div class=\"elementor-widget-container\">\n\t\t\t\t\t<h2 class=\"elementor-heading-title elementor-size-default\">Our JLG platform products<\/h2>\t\t\t\t<\/div>\n\t\t\t\t<\/div>\n\t\t<div class=\"elementor-element elementor-element-1239312 e-con-full sty_remove_padding e-flex e-con e-child\" data-id=\"1239312\" data-element_type=\"container\" data-e-type=\"container\">\n\t\t\t\t<div class=\"elementor-element elementor-element-479312b elementor-widget elementor-widget-button\" data-id=\"479312b\" data-element_type=\"widget\" data-e-type=\"widget\" data-widget_type=\"button.default\">\n\t\t\t\t<div class=\"elementor-widget-container\">\n\t\t\t\t\t\t\t\t\t<div class=\"elementor-button-wrapper\">\n\t\t\t\t\t<a class=\"elementor-button elementor-button-link elementor-size-sm\" href=\"https:\/\/app.hanselmann.de\/shop\/buy?q-shop-buy=JLG\">\n\t\t\t\t\t\t<span class=\"elementor-button-content-wrapper\">\n\t\t\t\t\t\t\t\t\t<span class=\"elementor-button-text\">View all available devices<\/span>\n\t\t\t\t\t<\/span>\n\t\t\t\t\t<\/a>\n\t\t\t\t<\/div>\n\t\t\t\t\t\t\t\t<\/div>\n\t\t\t\t<\/div>\n\t\t\t\t<\/div>\n\t\t\t\t<\/div>\n\t\t\t\t<div class=\"elementor-element elementor-element-c90ca95 elementor-widget elementor-widget-shortcode\" data-id=\"c90ca95\" data-element_type=\"widget\" data-e-type=\"widget\" data-widget_type=\"shortcode.default\">\n\t\t\t\t<div class=\"elementor-widget-container\">\n\t\t\t\t\t\t\t<div class=\"elementor-shortcode\">\r\n<div class=\"rw-brand-maschines-wrapper\" data-post-type=\"gebrauchtmaschine\">\r\n    <div class=\"rw-brand-maschines-slider splide\" \r\n         id=\"rw-machines-slider-6a0750b4ece9d\" \r\n         data-splide-options='{\"pagination\":true,\"arrows\":true,\"autoplay\":false,\"perPage\":4}'>\r\n        \r\n        <div class=\"splide__track\">\r\n            <ul class=\"splide__list\">\r\n                                    <li class=\"splide__slide\">\r\n                        <!--<div class=\"product-card\" data-post-id=\"\">-->\r\n                        <div class=\"product-card product-card--without-specs\" data-post-id=\"43931\">\r\n\r\n                            \r\n                            <!-- Product Card Content -->\r\n                            <div class=\"product-card__content\">\r\n                                <div class=\"product-card__title\">\r\n                                    \r\n                                    \r\n                                        <span class=\"companyName\">JLG <\/span>\r\n\r\n                                        <a href=\"https:\/\/hanselmann.de\/en\/brands\/jlg\/stage\/toucan-12e-plus\/\" class=\"product-card__title-link\" target=\"_self\" rel=\"noopener noreferrer\">    \r\n                                            <span class=\"maschineName\">Toucan 12E Plus<\/span>\r\n                                        <\/a>\r\n\r\n                                <\/div>\r\n                                \r\n                                <div class=\"product-card__drive\">\r\n                                                                    <\/div>\r\n                            <\/div>\r\n\r\n                            <!-- Product Card Image -->\r\n                            <div class=\"product-card__image\">\r\n                                \t<div class=\"splide splide_main_43931_6764 machine_slider_gallery_wrapper\"\r\n\t     data-splide-cover=\"true\"\r\n\t     data-splide-autoplay=\"false\"\r\n\t     data-splide-lazy-load=\"nearby\">\r\n\t\t<div class=\"splide__track\">\r\n\t\t\t<ul class=\"splide__list\">\r\n\t\t\t\t\t\t\t\t\t\t<li class=\"splide__slide\">\r\n\t\t\t\t\t\t\t<img decoding=\"async\" class=\"splide__image rocket-lazyload-ignore\"\r\n\t\t\t\t\t\t\t     src=\"data:image\/gif;base64,R0lGODlhAQABAIAAAAAAAP\/\/\/yH5BAEAAAAALAAAAAABAAEAAAIBRAA7\"\r\n\t\t\t\t\t\t\t     data-splide-lazy=\"https:\/\/hanselmann.de\/wp-content\/uploads\/2026\/04\/Hanselmann_Vertikalmastbuhne_JLG_Toucan_12E_Plus_g07598_1-1024x768.jpg\"\r\n\t\t\t\t\t\t\t\t\t\t\t\t\t\t\t\t\tdata-splide-lazy-srcset=\"https:\/\/hanselmann.de\/wp-content\/uploads\/2026\/04\/Hanselmann_Vertikalmastbuhne_JLG_Toucan_12E_Plus_g07598_1-1024x768.jpg 1024w, https:\/\/hanselmann.de\/wp-content\/uploads\/2026\/04\/Hanselmann_Vertikalmastbuhne_JLG_Toucan_12E_Plus_g07598_1-300x225.jpg 300w, https:\/\/hanselmann.de\/wp-content\/uploads\/2026\/04\/Hanselmann_Vertikalmastbuhne_JLG_Toucan_12E_Plus_g07598_1-768x576.jpg 768w, https:\/\/hanselmann.de\/wp-content\/uploads\/2026\/04\/Hanselmann_Vertikalmastbuhne_JLG_Toucan_12E_Plus_g07598_1-1536x1152.jpg 1536w, https:\/\/hanselmann.de\/wp-content\/uploads\/2026\/04\/Hanselmann_Vertikalmastbuhne_JLG_Toucan_12E_Plus_g07598_1-2048x1536.jpg 2048w, https:\/\/hanselmann.de\/wp-content\/uploads\/2026\/04\/Hanselmann_Vertikalmastbuhne_JLG_Toucan_12E_Plus_g07598_1-16x12.jpg 16w\"\r\n\t\t\t\t\t\t\t\t\tsizes=\"(max-width: 800px) 100vw, 800px\"\r\n\t\t\t\t\t\t\t\t\t\t\t\t\t\t\t     alt=\"\">\r\n\t\t\t\t\t\t<\/li>\r\n\t\t\t\t\t\t\t\t\t\t\t\t<li class=\"splide__slide\">\r\n\t\t\t\t\t\t\t<img decoding=\"async\" class=\"splide__image rocket-lazyload-ignore\"\r\n\t\t\t\t\t\t\t     src=\"data:image\/gif;base64,R0lGODlhAQABAIAAAAAAAP\/\/\/yH5BAEAAAAALAAAAAABAAEAAAIBRAA7\"\r\n\t\t\t\t\t\t\t     data-splide-lazy=\"https:\/\/hanselmann.de\/wp-content\/uploads\/2026\/04\/Hanselmann_Vertikalmastbuhne_JLG_Toucan_12E_Plus_g07598_2-1024x768.jpg\"\r\n\t\t\t\t\t\t\t\t\t\t\t\t\t\t\t\t\tdata-splide-lazy-srcset=\"https:\/\/hanselmann.de\/wp-content\/uploads\/2026\/04\/Hanselmann_Vertikalmastbuhne_JLG_Toucan_12E_Plus_g07598_2-1024x768.jpg 1024w, https:\/\/hanselmann.de\/wp-content\/uploads\/2026\/04\/Hanselmann_Vertikalmastbuhne_JLG_Toucan_12E_Plus_g07598_2-300x225.jpg 300w, https:\/\/hanselmann.de\/wp-content\/uploads\/2026\/04\/Hanselmann_Vertikalmastbuhne_JLG_Toucan_12E_Plus_g07598_2-768x576.jpg 768w, https:\/\/hanselmann.de\/wp-content\/uploads\/2026\/04\/Hanselmann_Vertikalmastbuhne_JLG_Toucan_12E_Plus_g07598_2-1536x1152.jpg 1536w, https:\/\/hanselmann.de\/wp-content\/uploads\/2026\/04\/Hanselmann_Vertikalmastbuhne_JLG_Toucan_12E_Plus_g07598_2-2048x1536.jpg 2048w, https:\/\/hanselmann.de\/wp-content\/uploads\/2026\/04\/Hanselmann_Vertikalmastbuhne_JLG_Toucan_12E_Plus_g07598_2-16x12.jpg 16w\"\r\n\t\t\t\t\t\t\t\t\tsizes=\"(max-width: 800px) 100vw, 800px\"\r\n\t\t\t\t\t\t\t\t\t\t\t\t\t\t\t     alt=\"\">\r\n\t\t\t\t\t\t<\/li>\r\n\t\t\t\t\t\t\t\t\t\t\t\t<li class=\"splide__slide\">\r\n\t\t\t\t\t\t\t<img decoding=\"async\" class=\"splide__image rocket-lazyload-ignore\"\r\n\t\t\t\t\t\t\t     src=\"data:image\/gif;base64,R0lGODlhAQABAIAAAAAAAP\/\/\/yH5BAEAAAAALAAAAAABAAEAAAIBRAA7\"\r\n\t\t\t\t\t\t\t     data-splide-lazy=\"https:\/\/hanselmann.de\/wp-content\/uploads\/2026\/04\/Hanselmann_Vertikalmastbuhne_JLG_Toucan_12E_Plus_g07598_3-1024x768.jpg\"\r\n\t\t\t\t\t\t\t\t\t\t\t\t\t\t\t\t\tdata-splide-lazy-srcset=\"https:\/\/hanselmann.de\/wp-content\/uploads\/2026\/04\/Hanselmann_Vertikalmastbuhne_JLG_Toucan_12E_Plus_g07598_3-1024x768.jpg 1024w, https:\/\/hanselmann.de\/wp-content\/uploads\/2026\/04\/Hanselmann_Vertikalmastbuhne_JLG_Toucan_12E_Plus_g07598_3-300x225.jpg 300w, https:\/\/hanselmann.de\/wp-content\/uploads\/2026\/04\/Hanselmann_Vertikalmastbuhne_JLG_Toucan_12E_Plus_g07598_3-768x576.jpg 768w, https:\/\/hanselmann.de\/wp-content\/uploads\/2026\/04\/Hanselmann_Vertikalmastbuhne_JLG_Toucan_12E_Plus_g07598_3-1536x1152.jpg 1536w, https:\/\/hanselmann.de\/wp-content\/uploads\/2026\/04\/Hanselmann_Vertikalmastbuhne_JLG_Toucan_12E_Plus_g07598_3-2048x1536.jpg 2048w, https:\/\/hanselmann.de\/wp-content\/uploads\/2026\/04\/Hanselmann_Vertikalmastbuhne_JLG_Toucan_12E_Plus_g07598_3-16x12.jpg 16w\"\r\n\t\t\t\t\t\t\t\t\tsizes=\"(max-width: 800px) 100vw, 800px\"\r\n\t\t\t\t\t\t\t\t\t\t\t\t\t\t\t     alt=\"\">\r\n\t\t\t\t\t\t<\/li>\r\n\t\t\t\t\t\t\t\t\t\t\t\t<li class=\"splide__slide\">\r\n\t\t\t\t\t\t\t<img decoding=\"async\" class=\"splide__image rocket-lazyload-ignore\"\r\n\t\t\t\t\t\t\t     src=\"data:image\/gif;base64,R0lGODlhAQABAIAAAAAAAP\/\/\/yH5BAEAAAAALAAAAAABAAEAAAIBRAA7\"\r\n\t\t\t\t\t\t\t     data-splide-lazy=\"https:\/\/hanselmann.de\/wp-content\/uploads\/2026\/04\/Hanselmann_Vertikalmastbuhne_JLG_Toucan_12E_Plus_g07598_4-1024x768.jpg\"\r\n\t\t\t\t\t\t\t\t\t\t\t\t\t\t\t\t\tdata-splide-lazy-srcset=\"https:\/\/hanselmann.de\/wp-content\/uploads\/2026\/04\/Hanselmann_Vertikalmastbuhne_JLG_Toucan_12E_Plus_g07598_4-1024x768.jpg 1024w, https:\/\/hanselmann.de\/wp-content\/uploads\/2026\/04\/Hanselmann_Vertikalmastbuhne_JLG_Toucan_12E_Plus_g07598_4-300x225.jpg 300w, https:\/\/hanselmann.de\/wp-content\/uploads\/2026\/04\/Hanselmann_Vertikalmastbuhne_JLG_Toucan_12E_Plus_g07598_4-768x576.jpg 768w, https:\/\/hanselmann.de\/wp-content\/uploads\/2026\/04\/Hanselmann_Vertikalmastbuhne_JLG_Toucan_12E_Plus_g07598_4-1536x1152.jpg 1536w, https:\/\/hanselmann.de\/wp-content\/uploads\/2026\/04\/Hanselmann_Vertikalmastbuhne_JLG_Toucan_12E_Plus_g07598_4-2048x1536.jpg 2048w, https:\/\/hanselmann.de\/wp-content\/uploads\/2026\/04\/Hanselmann_Vertikalmastbuhne_JLG_Toucan_12E_Plus_g07598_4-16x12.jpg 16w\"\r\n\t\t\t\t\t\t\t\t\tsizes=\"(max-width: 800px) 100vw, 800px\"\r\n\t\t\t\t\t\t\t\t\t\t\t\t\t\t\t     alt=\"\">\r\n\t\t\t\t\t\t<\/li>\r\n\t\t\t\t\t\t\t\t\t\t\t\t<li class=\"splide__slide\">\r\n\t\t\t\t\t\t\t<img decoding=\"async\" class=\"splide__image rocket-lazyload-ignore\"\r\n\t\t\t\t\t\t\t     src=\"data:image\/gif;base64,R0lGODlhAQABAIAAAAAAAP\/\/\/yH5BAEAAAAALAAAAAABAAEAAAIBRAA7\"\r\n\t\t\t\t\t\t\t     data-splide-lazy=\"https:\/\/hanselmann.de\/wp-content\/uploads\/2026\/04\/Hanselmann_Vertikalmastbuhne_JLG_Toucan_12E_Plus_g07598_5-1024x768.jpg\"\r\n\t\t\t\t\t\t\t\t\t\t\t\t\t\t\t\t\tdata-splide-lazy-srcset=\"https:\/\/hanselmann.de\/wp-content\/uploads\/2026\/04\/Hanselmann_Vertikalmastbuhne_JLG_Toucan_12E_Plus_g07598_5-1024x768.jpg 1024w, https:\/\/hanselmann.de\/wp-content\/uploads\/2026\/04\/Hanselmann_Vertikalmastbuhne_JLG_Toucan_12E_Plus_g07598_5-300x225.jpg 300w, https:\/\/hanselmann.de\/wp-content\/uploads\/2026\/04\/Hanselmann_Vertikalmastbuhne_JLG_Toucan_12E_Plus_g07598_5-768x576.jpg 768w, https:\/\/hanselmann.de\/wp-content\/uploads\/2026\/04\/Hanselmann_Vertikalmastbuhne_JLG_Toucan_12E_Plus_g07598_5-1536x1152.jpg 1536w, https:\/\/hanselmann.de\/wp-content\/uploads\/2026\/04\/Hanselmann_Vertikalmastbuhne_JLG_Toucan_12E_Plus_g07598_5-2048x1536.jpg 2048w, https:\/\/hanselmann.de\/wp-content\/uploads\/2026\/04\/Hanselmann_Vertikalmastbuhne_JLG_Toucan_12E_Plus_g07598_5-16x12.jpg 16w\"\r\n\t\t\t\t\t\t\t\t\tsizes=\"(max-width: 800px) 100vw, 800px\"\r\n\t\t\t\t\t\t\t\t\t\t\t\t\t\t\t     alt=\"\">\r\n\t\t\t\t\t\t<\/li>\r\n\t\t\t\t\t\t\t\t\t\t\t\t<li class=\"splide__slide\">\r\n\t\t\t\t\t\t\t<img decoding=\"async\" class=\"splide__image rocket-lazyload-ignore\"\r\n\t\t\t\t\t\t\t     src=\"data:image\/gif;base64,R0lGODlhAQABAIAAAAAAAP\/\/\/yH5BAEAAAAALAAAAAABAAEAAAIBRAA7\"\r\n\t\t\t\t\t\t\t     data-splide-lazy=\"https:\/\/hanselmann.de\/wp-content\/uploads\/2026\/04\/Hanselmann_Vertikalmastbuhne_JLG_Toucan_12E_Plus_g07598_9-1024x768.jpg\"\r\n\t\t\t\t\t\t\t\t\t\t\t\t\t\t\t\t\tdata-splide-lazy-srcset=\"https:\/\/hanselmann.de\/wp-content\/uploads\/2026\/04\/Hanselmann_Vertikalmastbuhne_JLG_Toucan_12E_Plus_g07598_9-1024x768.jpg 1024w, https:\/\/hanselmann.de\/wp-content\/uploads\/2026\/04\/Hanselmann_Vertikalmastbuhne_JLG_Toucan_12E_Plus_g07598_9-300x225.jpg 300w, https:\/\/hanselmann.de\/wp-content\/uploads\/2026\/04\/Hanselmann_Vertikalmastbuhne_JLG_Toucan_12E_Plus_g07598_9-768x576.jpg 768w, https:\/\/hanselmann.de\/wp-content\/uploads\/2026\/04\/Hanselmann_Vertikalmastbuhne_JLG_Toucan_12E_Plus_g07598_9-1536x1152.jpg 1536w, https:\/\/hanselmann.de\/wp-content\/uploads\/2026\/04\/Hanselmann_Vertikalmastbuhne_JLG_Toucan_12E_Plus_g07598_9-2048x1536.jpg 2048w, https:\/\/hanselmann.de\/wp-content\/uploads\/2026\/04\/Hanselmann_Vertikalmastbuhne_JLG_Toucan_12E_Plus_g07598_9-16x12.jpg 16w\"\r\n\t\t\t\t\t\t\t\t\tsizes=\"(max-width: 800px) 100vw, 800px\"\r\n\t\t\t\t\t\t\t\t\t\t\t\t\t\t\t     alt=\"\">\r\n\t\t\t\t\t\t<\/li>\r\n\t\t\t\t\t\t\t\t\t<\/ul>\r\n\t\t<\/div>\r\n\t<\/div>\r\n\r\n\t                            <\/div>\r\n\r\n                            <!-- Product Card Button -->\r\n                            <div class=\"elementor-button-wrapper\">\r\n                                                                <a href=\"https:\/\/hanselmann.de\/en\/brands\/jlg\/stage\/toucan-12e-plus\/\" class=\"elementor-button elementor-button-link elementor-size-sm\" target=\"_self\" rel=\"noopener noreferrer\">\r\n                                    <span style=\"display:none;\">+<\/span> View &amp; Show details\r\n                                <\/a>            \r\n                            <\/div>\r\n                            \r\n                            <!-- ACF Fields Display -->\r\n                                                        \r\n                        <\/div>\r\n                    <\/li>\r\n                            <\/ul>\r\n        <\/div>\r\n\r\n\r\n\r\n                    <!-- Pagination Dots -->\r\n            <ul class=\"splide__pagination\"><\/ul>\r\n            <\/div>\r\n<\/div><\/div>\n\t\t\t\t\t\t<\/div>\n\t\t\t\t<\/div>\n\t\t\t\t\t<\/div>\n\t\t\t\t<\/div>\n\t\t<div class=\"elementor-element elementor-element-6e72a85 e-con-full sty_remove_padding e-flex e-con e-parent\" data-id=\"6e72a85\" data-element_type=\"container\" data-e-type=\"container\">\n\t\t\t\t<div class=\"elementor-element elementor-element-3d086b8 elementor-widget elementor-widget-template\" data-id=\"3d086b8\" data-element_type=\"widget\" data-e-type=\"widget\" data-widget_type=\"template.default\">\n\t\t\t\t<div class=\"elementor-widget-container\">\n\t\t\t\t\t\t\t<div class=\"elementor-template\">\n\t\t\t\t\t<div data-elementor-type=\"container\" data-elementor-id=\"5344\" class=\"elementor elementor-5344\" data-elementor-post-type=\"elementor_library\">\n\t\t\t\t<div class=\"elementor-element elementor-element-5f80872d e-con-full sty_remove_padding e-flex e-con e-parent\" data-id=\"5f80872d\" data-element_type=\"container\" data-e-type=\"container\">\n\t\t\t\t<div class=\"elementor-element elementor-element-648ecebe elementor-widget elementor-widget-s4_attention_grabber\" data-id=\"648ecebe\" data-element_type=\"widget\" data-e-type=\"widget\" data-widget_type=\"s4_attention_grabber.default\">\n\t\t\t\t<div class=\"elementor-widget-container\">\n\t\t\t\t\t\n\t\t<section class=\"sty_moduleWrapper\">\n\t\t\t<div class=\"container-fluid sty_fullwidthAttentionGrabber\">\n\t\t\t\t<div class=\"row\">\n\t\t\t\t\t<div class=\"col-lg-4 me-auto sty_image left-image sty_fullwidthAttentionGrabberImageHeight sty_image-container\" style=\"min-height: 500px;\">\n\t\t\t\t\t\t<img decoding=\"async\" width=\"800\" height=\"507\" src=\"https:\/\/hanselmann.de\/wp-content\/uploads\/2024\/10\/Foto_JMG-Team01-scaled-e1732010901387-1024x649.jpg\" class=\"object-fit-cover w-100 h-100\" alt=\"Team Hanselmann in front of JMG cranes\" loading=\"lazy\" srcset=\"https:\/\/hanselmann.de\/wp-content\/uploads\/2024\/10\/Foto_JMG-Team01-scaled-e1732010901387-1024x649.jpg 1024w, https:\/\/hanselmann.de\/wp-content\/uploads\/2024\/10\/Foto_JMG-Team01-scaled-e1732010901387-300x190.jpg 300w, https:\/\/hanselmann.de\/wp-content\/uploads\/2024\/10\/Foto_JMG-Team01-scaled-e1732010901387-768x487.jpg 768w, https:\/\/hanselmann.de\/wp-content\/uploads\/2024\/10\/Foto_JMG-Team01-scaled-e1732010901387-1536x973.jpg 1536w, https:\/\/hanselmann.de\/wp-content\/uploads\/2024\/10\/Foto_JMG-Team01-scaled-e1732010901387-2048x1297.jpg 2048w, https:\/\/hanselmann.de\/wp-content\/uploads\/2024\/10\/Foto_JMG-Team01-scaled-e1732010901387-18x12.jpg 18w\" sizes=\"auto, (max-width: 800px) 100vw, 800px\" \/>\t\t\t\t\t<\/div>\n\t\t\t\t\t<div class=\"col-lg-4 center-content sty_attentionGrabberCenterBackground\">\n\t\t\t\t\t\t\n\t\t\t\t\t<h2 class=\"sty_pb_d sty_txt sty_titleFontColor sty_titleFontFamily\" style=\"display:block;\">Hanselmann\u2019s high customer satisfaction rating on Google<\/h2><div class=\"sty_pb_e sty_txt sty_fontColor sty_textFontFamily\"><p class=\"p1 translation-block\">Our years of experience and customer-oriented approach ensure that our customers always expect the <strong>highest quality<\/strong> and <strong>reliability.<\/strong> This is reflected in the many positive Google reviews. See for yourself and become part of our satisfied customer base.<\/p><p><img loading=\"lazy\" decoding=\"async\" class=\"alignnone size-medium wp-image-2945\" src=\"https:\/\/hanselmann.de\/wp-content\/uploads\/2024\/10\/Group-90-300x57.jpg\" alt=\"\" width=\"300\" height=\"57\" srcset=\"https:\/\/hanselmann.de\/wp-content\/uploads\/2024\/10\/Group-90-300x57.jpg 300w, https:\/\/hanselmann.de\/wp-content\/uploads\/2024\/10\/Group-90.jpg 354w\" sizes=\"auto, (max-width: 300px) 100vw, 300px\" \/><\/p><\/div>\n\t\t\t\t\t<\/div>\n\t\t\t\t\t<div class=\"col-lg-4 ms-auto sty_image right-image sty_fullwidthAttentionGrabberImageHeight sty_image-container\" style=\"min-height: 500px;\">\n\t\t\t\t\t\t<img decoding=\"async\" width=\"606\" height=\"1024\" src=\"https:\/\/hanselmann.de\/wp-content\/uploads\/2024\/11\/Foto_hanselmann_kaufen_Manitou_weltweit_mieten-e1731667089346-606x1024.jpg\" class=\"object-fit-cover w-100 h-100\" alt=\"\" loading=\"lazy\" srcset=\"https:\/\/hanselmann.de\/wp-content\/uploads\/2024\/11\/Foto_hanselmann_kaufen_Manitou_weltweit_mieten-e1731667089346-606x1024.jpg 606w, https:\/\/hanselmann.de\/wp-content\/uploads\/2024\/11\/Foto_hanselmann_kaufen_Manitou_weltweit_mieten-e1731667089346-177x300.jpg 177w, https:\/\/hanselmann.de\/wp-content\/uploads\/2024\/11\/Foto_hanselmann_kaufen_Manitou_weltweit_mieten-e1731667089346-768x1299.jpg 768w, https:\/\/hanselmann.de\/wp-content\/uploads\/2024\/11\/Foto_hanselmann_kaufen_Manitou_weltweit_mieten-e1731667089346-908x1536.jpg 908w, https:\/\/hanselmann.de\/wp-content\/uploads\/2024\/11\/Foto_hanselmann_kaufen_Manitou_weltweit_mieten-e1731667089346-7x12.jpg 7w, https:\/\/hanselmann.de\/wp-content\/uploads\/2024\/11\/Foto_hanselmann_kaufen_Manitou_weltweit_mieten-e1731667089346.jpg 1211w\" sizes=\"auto, (max-width: 606px) 100vw, 606px\" \/>\t\t\t\t\t<\/div>\n\t\t\t\t<\/div>\n\t\t\t<\/div>\n\t\t<\/section>\n\n\n\n\n\n\t\t\t\t\t<\/div>\n\t\t\t\t<\/div>\n\t\t\t\t<\/div>\n\t\t\t\t<\/div>\n\t\t\t\t<\/div>\n\t\t\t\t\t\t<\/div>\n\t\t\t\t<\/div>\n\t\t\t\t<\/div>\n\t\t\t\t<\/div>","protected":false},"excerpt":{"rendered":"<p>JLG B\u00fchne Kauf, Miete und Service bei Hanselmann\u00a0 B\u00fchne Ger\u00e4te entdecken Entdecken Sie die vielseitigen Einsatzm\u00f6glichkeiten der JLG B\u00fchne auf Hanselmann.de. Diese Maschinen sind ideal f\u00fcr Arbeiten in der H\u00f6he und bieten herausragende Leistungen in den Bereichen Bau, Industrie und Logistik. Mit pr\u00e4ziser Steuerung und hoher Stabilit\u00e4t erm\u00f6glichen die JLG B\u00fchnen effiziente und sichere Arbeitseins\u00e4tze, [&hellip;]<\/p>\n","protected":false},"author":3,"featured_media":0,"parent":36553,"menu_order":0,"comment_status":"closed","ping_status":"closed","template":"","meta":{"_acf_changed":false,"footnotes":""},"class_list":["post-36559","page","type-page","status-publish","hentry"],"acf":[],"_links":{"self":[{"href":"https:\/\/hanselmann.de\/en\/wp-json\/wp\/v2\/pages\/36559","targetHints":{"allow":["GET"]}}],"collection":[{"href":"https:\/\/hanselmann.de\/en\/wp-json\/wp\/v2\/pages"}],"about":[{"href":"https:\/\/hanselmann.de\/en\/wp-json\/wp\/v2\/types\/page"}],"author":[{"embeddable":true,"href":"https:\/\/hanselmann.de\/en\/wp-json\/wp\/v2\/users\/3"}],"replies":[{"embeddable":true,"href":"https:\/\/hanselmann.de\/en\/wp-json\/wp\/v2\/comments?post=36559"}],"version-history":[{"count":2,"href":"https:\/\/hanselmann.de\/en\/wp-json\/wp\/v2\/pages\/36559\/revisions"}],"predecessor-version":[{"id":38322,"href":"https:\/\/hanselmann.de\/en\/wp-json\/wp\/v2\/pages\/36559\/revisions\/38322"}],"up":[{"embeddable":true,"href":"https:\/\/hanselmann.de\/en\/wp-json\/wp\/v2\/pages\/36553"}],"wp:attachment":[{"href":"https:\/\/hanselmann.de\/en\/wp-json\/wp\/v2\/media?parent=36559"}],"curies":[{"name":"wp","href":"https:\/\/api.w.org\/{rel}","templated":true}]}}