{"id":37252,"date":"2025-07-30T10:44:25","date_gmt":"2025-07-30T10:44:25","guid":{"rendered":"https:\/\/hanselmann.de\/marken\/multi-trans\/anhaenger\/"},"modified":"2025-08-15T12:11:46","modified_gmt":"2025-08-15T12:11:46","slug":"trailer","status":"publish","type":"page","link":"https:\/\/hanselmann.de\/en\/marken\/multi-trans\/anhaenger\/","title":{"rendered":"Trailer"},"content":{"rendered":"<div data-elementor-type=\"page\" data-elementor-id=\"37252\" class=\"elementor elementor-37252\" data-elementor-post-type=\"page\">\n\t\t\t\t<div class=\"elementor-element elementor-element-b75e42c e-con-full sty_remove_padding kategorie-custom e-flex e-con e-parent\" data-id=\"b75e42c\" data-element_type=\"container\" data-e-type=\"container\">\n\t\t\t\t<div class=\"elementor-element elementor-element-f7b3584 fh-70vh sty_padding_inner_top_1 elementor-widget elementor-widget-s4_hero_fullwidth_bg_text_left\" data-id=\"f7b3584\" data-element_type=\"widget\" data-e-type=\"widget\" data-widget_type=\"s4_hero_fullwidth_bg_text_left.default\">\n\t\t\t\t<div class=\"elementor-widget-container\">\n\t\t\t\t\t\r\n\t<section class=\"position-relative sty_backgroundCover sty_moduleWrapper d-flex align-items-end justify-content-center\">\r\n                    <div class=\"background-overlay\" style=\"position: absolute; top: 0; left: 0; width: 100%; height: 100%; background-image: linear-gradient(to bottom, #001A3D80, #001A3D8C), url(https:\/\/hanselmann.de\/wp-content\/uploads\/2025\/02\/Hanselmann_Anhaenger_Multi-Trans-VAL30_6834_3-scaled.jpg); background-size: cover; background-position: center;\"><\/div>\r\n        \t\t\t<div class=\"\" style=\"z-index:1;\">\r\n\t\t\t\t<div class=\"container\">\r\n\t\t\t\t\t<div class=\"row\">\r\n\t\t\t\t\t\t<div class=\"col-lg-6\">\r\n\t\t\t\t\t\t\t<h1 class=\"sty_pb_d sty_txt sty_titleFontColor sty_fontFamilyTitle\" style=\"display:block;\">Multi-Trans trailer<\/h1><div class=\"sty_pb_e sty_txt sty_fontColor sty_fontFamily\"><p><strong>Purchase, hire and service from Hanselmann\u00a0<\/strong><\/p><\/div>        <div class=\"sty_pb_e\">\n            <div class='elementor-button-wrapper'>\n                                    <a class='elementor-button elementor-button-link elementor-size-sm  s4_alternateButtonTypeTransparentWhite primary-button-bg' href=\"https:\/\/app.hanselmann.de\/shop\/buy?q-shop-buy=Multi-Trans\" target=\"_blank\" id=\"\">\n                        <span class=\"elementor-button-content-wrapper\" >\n                                                        <span class=\"elementor-button-text\">Discover trailer devices<\/span>\n                        <\/span>\n                    <\/a>\n                \n                \n                            <\/div>\n                    <\/div>\n        \t\t\t\t\t\t<\/div>\r\n\t\t\t\t\t<\/div>\r\n\t\t\t\t<\/div>\r\n\r\n\t\t\t\t\r\n\t\t\t<\/div>\r\n\t\t<\/section>\r\n\r\n\t\t\t\t\t<\/div>\n\t\t\t\t<\/div>\n\t\t\t\t<\/div>\n\t\t<div class=\"elementor-element elementor-element-d0f66fd sty_margin_bottom_1 custom-p e-flex e-con-boxed e-con e-parent\" data-id=\"d0f66fd\" data-element_type=\"container\" data-e-type=\"container\">\n\t\t\t\t\t<div class=\"e-con-inner\">\n\t\t\t\t<div class=\"elementor-element elementor-element-95084c1 sty-sm col-md-8 sty_content-align-center elementor-widget elementor-widget-text-editor\" data-id=\"95084c1\" data-element_type=\"widget\" data-e-type=\"widget\" data-widget_type=\"text-editor.default\">\n\t\t\t\t<div class=\"elementor-widget-container\">\n\t\t\t\t\t\t\t\t\t<p><strong>Multi-Trans trailer<\/strong> are the ideal solution for a wide range of <strong>Deployments<\/strong> in the construction, industrial, logistics and agricultural sectors. These machines are characterised by their robustness and versatility and offer an efficient way of transporting materials safely and reliably. Whether you need to move heavy loads or handle special transport tasks - the <strong>Multi-Trans trailer<\/strong> are your reliable partners. Their innovative technology and sophisticated design guarantee maximum performance and safety. Use the advantages of these high-quality trailers to successfully complete your projects.<\/p><p>As an experienced provider, we support <strong>Hanselmann<\/strong> you with the selection of the right <strong>Multi-Trans trailer<\/strong> - whether you are looking to rent, buy or consider used equipment. Our comprehensive range and customer-orientated service ensure that you get exactly the machine that meets your requirements. Rely on the expertise of <strong>Hanselmann<\/strong>, to optimise your work processes and save costs at the same time. Discover the advantages of our offers and benefit from our expertise in the field of modern plant technology.<\/p>\t\t\t\t\t\t\t\t<\/div>\n\t\t\t\t<\/div>\n\t\t\t\t\t<\/div>\n\t\t\t\t<\/div>\n\t\t<div class=\"elementor-element elementor-element-7fc1020 sty_padding_inner_container_top_3 sty_padding_inner_container_bottom_3 sty_margin_bottom_1 e-flex e-con-boxed e-con e-parent\" data-id=\"7fc1020\" data-element_type=\"container\" data-e-type=\"container\" data-settings=\"{&quot;background_background&quot;:&quot;classic&quot;}\">\n\t\t\t\t\t<div class=\"e-con-inner\">\n\t\t<div class=\"elementor-element elementor-element-0e40575 e-con-full e-flex e-con e-child\" data-id=\"0e40575\" data-element_type=\"container\" data-e-type=\"container\">\n\t\t\t\t<div class=\"elementor-element elementor-element-8cb3780 elementor-widget__width-initial elementor-widget elementor-widget-heading\" data-id=\"8cb3780\" data-element_type=\"widget\" data-e-type=\"widget\" data-widget_type=\"heading.default\">\n\t\t\t\t<div class=\"elementor-widget-container\">\n\t\t\t\t\t<h2 class=\"elementor-heading-title elementor-size-default\">Our Multi-Trans trailer products<\/h2>\t\t\t\t<\/div>\n\t\t\t\t<\/div>\n\t\t<div class=\"elementor-element elementor-element-1239312 e-con-full sty_remove_padding e-flex e-con e-child\" data-id=\"1239312\" data-element_type=\"container\" data-e-type=\"container\">\n\t\t\t\t<div class=\"elementor-element elementor-element-479312b elementor-widget elementor-widget-button\" data-id=\"479312b\" data-element_type=\"widget\" data-e-type=\"widget\" data-widget_type=\"button.default\">\n\t\t\t\t<div class=\"elementor-widget-container\">\n\t\t\t\t\t\t\t\t\t<div class=\"elementor-button-wrapper\">\n\t\t\t\t\t<a class=\"elementor-button elementor-button-link elementor-size-sm\" href=\"https:\/\/app.hanselmann.de\/shop\/buy?q-shop-buy=Multi-Trans\">\n\t\t\t\t\t\t<span class=\"elementor-button-content-wrapper\">\n\t\t\t\t\t\t\t\t\t<span class=\"elementor-button-text\">View all available devices<\/span>\n\t\t\t\t\t<\/span>\n\t\t\t\t\t<\/a>\n\t\t\t\t<\/div>\n\t\t\t\t\t\t\t\t<\/div>\n\t\t\t\t<\/div>\n\t\t\t\t<\/div>\n\t\t\t\t<\/div>\n\t\t\t\t<div class=\"elementor-element elementor-element-c90ca95 elementor-widget elementor-widget-shortcode\" data-id=\"c90ca95\" data-element_type=\"widget\" data-e-type=\"widget\" data-widget_type=\"shortcode.default\">\n\t\t\t\t<div class=\"elementor-widget-container\">\n\t\t\t\t\t\t\t<div class=\"elementor-shortcode\">\r\n<div class=\"rw-brand-maschines-wrapper\" data-post-type=\"gebrauchtmaschine\">\r\n    <div class=\"rw-brand-maschines-slider splide\" \r\n         id=\"rw-machines-slider-69f2d22bf334e\" \r\n         data-splide-options='{\"pagination\":true,\"arrows\":true,\"autoplay\":false,\"perPage\":4}'>\r\n        \r\n        <div class=\"splide__track\">\r\n            <ul class=\"splide__list\">\r\n                                    <li class=\"splide__slide\">\r\n                        <!--<div class=\"product-card\" data-post-id=\"\">-->\r\n                        <div class=\"product-card product-card--without-specs\" data-post-id=\"33205\">\r\n\r\n                            \r\n                            <!-- Product Card Content -->\r\n                            <div class=\"product-card__content\">\r\n                                <div class=\"product-card__title\">\r\n                                    \r\n                                    \r\n                                        <span class=\"companyName\">Multi-Trans <\/span>\r\n\r\n                                        <a href=\"https:\/\/hanselmann.de\/en\/brands\/multi-trans\/trailer\/val-30\/\" class=\"product-card__title-link\" target=\"_self\" rel=\"noopener noreferrer\">    \r\n                                            <span class=\"maschineName\">VAL 30<\/span>\r\n                                        <\/a>\r\n\r\n                                <\/div>\r\n                                \r\n                                <div class=\"product-card__drive\">\r\n                                    Without drive                                <\/div>\r\n                            <\/div>\r\n\r\n                            <!-- Product Card Image -->\r\n                            <div class=\"product-card__image\">\r\n                                <img loading=\"lazy\" decoding=\"async\" width=\"800\" height=\"600\" src=\"https:\/\/hanselmann.de\/wp-content\/uploads\/2025\/05\/VAL-30-1024x768.png\" class=\"rocket_exclude_lazy\" alt=\"\" srcset=\"https:\/\/hanselmann.de\/wp-content\/uploads\/2025\/05\/VAL-30-1024x768.png 1024w, https:\/\/hanselmann.de\/wp-content\/uploads\/2025\/05\/VAL-30-300x225.png 300w, https:\/\/hanselmann.de\/wp-content\/uploads\/2025\/05\/VAL-30-768x576.png 768w, https:\/\/hanselmann.de\/wp-content\/uploads\/2025\/05\/VAL-30-1536x1152.png 1536w, https:\/\/hanselmann.de\/wp-content\/uploads\/2025\/05\/VAL-30-2048x1536.png 2048w, https:\/\/hanselmann.de\/wp-content\/uploads\/2025\/05\/VAL-30-16x12.png 16w\" sizes=\"auto, (max-width: 800px) 100vw, 800px\" \/>                            <\/div>\r\n\r\n                            <!-- Product Card Button -->\r\n                            <div class=\"elementor-button-wrapper\">\r\n                                                                <a href=\"https:\/\/hanselmann.de\/en\/brands\/multi-trans\/trailer\/val-30\/\" class=\"elementor-button elementor-button-link elementor-size-sm\" target=\"_self\" rel=\"noopener noreferrer\">\r\n                                    <span style=\"display:none;\">+<\/span> View &amp; Show details\r\n                                <\/a>            \r\n                            <\/div>\r\n                            \r\n                            <!-- ACF Fields Display -->\r\n                                                        \r\n                        <\/div>\r\n                    <\/li>\r\n                            <\/ul>\r\n        <\/div>\r\n\r\n\r\n\r\n                    <!-- Pagination Dots -->\r\n            <ul class=\"splide__pagination\"><\/ul>\r\n            <\/div>\r\n<\/div><\/div>\n\t\t\t\t\t\t<\/div>\n\t\t\t\t<\/div>\n\t\t\t\t\t<\/div>\n\t\t\t\t<\/div>\n\t\t<div class=\"elementor-element elementor-element-6e72a85 e-con-full sty_remove_padding e-flex e-con e-parent\" data-id=\"6e72a85\" data-element_type=\"container\" data-e-type=\"container\">\n\t\t\t\t<div class=\"elementor-element elementor-element-3d086b8 elementor-widget elementor-widget-template\" data-id=\"3d086b8\" data-element_type=\"widget\" data-e-type=\"widget\" data-widget_type=\"template.default\">\n\t\t\t\t<div class=\"elementor-widget-container\">\n\t\t\t\t\t\t\t<div class=\"elementor-template\">\n\t\t\t\t\t<div data-elementor-type=\"container\" data-elementor-id=\"5344\" class=\"elementor elementor-5344\" data-elementor-post-type=\"elementor_library\">\n\t\t\t\t<div class=\"elementor-element elementor-element-5f80872d e-con-full sty_remove_padding e-flex e-con e-parent\" data-id=\"5f80872d\" data-element_type=\"container\" data-e-type=\"container\">\n\t\t\t\t<div class=\"elementor-element elementor-element-648ecebe elementor-widget elementor-widget-s4_attention_grabber\" data-id=\"648ecebe\" data-element_type=\"widget\" data-e-type=\"widget\" data-widget_type=\"s4_attention_grabber.default\">\n\t\t\t\t<div class=\"elementor-widget-container\">\n\t\t\t\t\t\n\t\t<section class=\"sty_moduleWrapper\">\n\t\t\t<div class=\"container-fluid sty_fullwidthAttentionGrabber\">\n\t\t\t\t<div class=\"row\">\n\t\t\t\t\t<div class=\"col-lg-4 me-auto sty_image left-image sty_fullwidthAttentionGrabberImageHeight sty_image-container\" style=\"min-height: 500px;\">\n\t\t\t\t\t\t<img decoding=\"async\" width=\"800\" height=\"507\" src=\"https:\/\/hanselmann.de\/wp-content\/uploads\/2024\/10\/Foto_JMG-Team01-scaled-e1732010901387-1024x649.jpg\" class=\"object-fit-cover w-100 h-100\" alt=\"Team Hanselmann in front of JMG cranes\" loading=\"lazy\" srcset=\"https:\/\/hanselmann.de\/wp-content\/uploads\/2024\/10\/Foto_JMG-Team01-scaled-e1732010901387-1024x649.jpg 1024w, https:\/\/hanselmann.de\/wp-content\/uploads\/2024\/10\/Foto_JMG-Team01-scaled-e1732010901387-300x190.jpg 300w, https:\/\/hanselmann.de\/wp-content\/uploads\/2024\/10\/Foto_JMG-Team01-scaled-e1732010901387-768x487.jpg 768w, https:\/\/hanselmann.de\/wp-content\/uploads\/2024\/10\/Foto_JMG-Team01-scaled-e1732010901387-1536x973.jpg 1536w, https:\/\/hanselmann.de\/wp-content\/uploads\/2024\/10\/Foto_JMG-Team01-scaled-e1732010901387-2048x1297.jpg 2048w, https:\/\/hanselmann.de\/wp-content\/uploads\/2024\/10\/Foto_JMG-Team01-scaled-e1732010901387-18x12.jpg 18w\" sizes=\"auto, (max-width: 800px) 100vw, 800px\" \/>\t\t\t\t\t<\/div>\n\t\t\t\t\t<div class=\"col-lg-4 center-content sty_attentionGrabberCenterBackground\">\n\t\t\t\t\t\t\n\t\t\t\t\t<h2 class=\"sty_pb_d sty_txt sty_titleFontColor sty_titleFontFamily\" style=\"display:block;\">Hanselmann\u2019s high customer satisfaction rating on Google<\/h2><div class=\"sty_pb_e sty_txt sty_fontColor sty_textFontFamily\"><p class=\"p1 translation-block\">Our years of experience and customer-oriented approach ensure that our customers always expect the <strong>highest quality<\/strong> and <strong>reliability.<\/strong> This is reflected in the many positive Google reviews. See for yourself and become part of our satisfied customer base.<\/p><p><img loading=\"lazy\" decoding=\"async\" class=\"alignnone size-medium wp-image-2945\" src=\"https:\/\/hanselmann.de\/wp-content\/uploads\/2024\/10\/Group-90-300x57.jpg\" alt=\"\" width=\"300\" height=\"57\" srcset=\"https:\/\/hanselmann.de\/wp-content\/uploads\/2024\/10\/Group-90-300x57.jpg 300w, https:\/\/hanselmann.de\/wp-content\/uploads\/2024\/10\/Group-90.jpg 354w\" sizes=\"auto, (max-width: 300px) 100vw, 300px\" \/><\/p><\/div>\n\t\t\t\t\t<\/div>\n\t\t\t\t\t<div class=\"col-lg-4 ms-auto sty_image right-image sty_fullwidthAttentionGrabberImageHeight sty_image-container\" style=\"min-height: 500px;\">\n\t\t\t\t\t\t<img decoding=\"async\" width=\"606\" height=\"1024\" src=\"https:\/\/hanselmann.de\/wp-content\/uploads\/2024\/11\/Foto_hanselmann_kaufen_Manitou_weltweit_mieten-e1731667089346-606x1024.jpg\" class=\"object-fit-cover w-100 h-100\" alt=\"\" loading=\"lazy\" srcset=\"https:\/\/hanselmann.de\/wp-content\/uploads\/2024\/11\/Foto_hanselmann_kaufen_Manitou_weltweit_mieten-e1731667089346-606x1024.jpg 606w, https:\/\/hanselmann.de\/wp-content\/uploads\/2024\/11\/Foto_hanselmann_kaufen_Manitou_weltweit_mieten-e1731667089346-177x300.jpg 177w, https:\/\/hanselmann.de\/wp-content\/uploads\/2024\/11\/Foto_hanselmann_kaufen_Manitou_weltweit_mieten-e1731667089346-768x1299.jpg 768w, https:\/\/hanselmann.de\/wp-content\/uploads\/2024\/11\/Foto_hanselmann_kaufen_Manitou_weltweit_mieten-e1731667089346-908x1536.jpg 908w, https:\/\/hanselmann.de\/wp-content\/uploads\/2024\/11\/Foto_hanselmann_kaufen_Manitou_weltweit_mieten-e1731667089346-7x12.jpg 7w, https:\/\/hanselmann.de\/wp-content\/uploads\/2024\/11\/Foto_hanselmann_kaufen_Manitou_weltweit_mieten-e1731667089346.jpg 1211w\" sizes=\"auto, (max-width: 606px) 100vw, 606px\" \/>\t\t\t\t\t<\/div>\n\t\t\t\t<\/div>\n\t\t\t<\/div>\n\t\t<\/section>\n\n\n\n\n\n\t\t\t\t\t<\/div>\n\t\t\t\t<\/div>\n\t\t\t\t<\/div>\n\t\t\t\t<\/div>\n\t\t\t\t<\/div>\n\t\t\t\t\t\t<\/div>\n\t\t\t\t<\/div>\n\t\t\t\t<\/div>\n\t\t\t\t<\/div>","protected":false},"excerpt":{"rendered":"<p>Multi-Trans Anh\u00e4nger Kauf, Miete und Service bei Hanselmann\u00a0 Anh\u00e4nger Ger\u00e4te entdecken Multi-Trans Anh\u00e4nger sind die ideale L\u00f6sung f\u00fcr vielf\u00e4ltige Eins\u00e4tze in den Bereichen Bau, Industrie, Logistik und Landwirtschaft. Diese Maschinen zeichnen sich durch ihre Robustheit und Vielseitigkeit aus und bieten eine effiziente M\u00f6glichkeit, Materialien sicher und zuverl\u00e4ssig zu transportieren. Ob Sie schwere Lasten bewegen oder [&hellip;]<\/p>\n","protected":false},"author":3,"featured_media":0,"parent":37250,"menu_order":0,"comment_status":"closed","ping_status":"closed","template":"","meta":{"_acf_changed":false,"footnotes":""},"class_list":["post-37252","page","type-page","status-publish","hentry"],"acf":[],"_links":{"self":[{"href":"https:\/\/hanselmann.de\/en\/wp-json\/wp\/v2\/pages\/37252","targetHints":{"allow":["GET"]}}],"collection":[{"href":"https:\/\/hanselmann.de\/en\/wp-json\/wp\/v2\/pages"}],"about":[{"href":"https:\/\/hanselmann.de\/en\/wp-json\/wp\/v2\/types\/page"}],"author":[{"embeddable":true,"href":"https:\/\/hanselmann.de\/en\/wp-json\/wp\/v2\/users\/3"}],"replies":[{"embeddable":true,"href":"https:\/\/hanselmann.de\/en\/wp-json\/wp\/v2\/comments?post=37252"}],"version-history":[{"count":3,"href":"https:\/\/hanselmann.de\/en\/wp-json\/wp\/v2\/pages\/37252\/revisions"}],"predecessor-version":[{"id":38353,"href":"https:\/\/hanselmann.de\/en\/wp-json\/wp\/v2\/pages\/37252\/revisions\/38353"}],"up":[{"embeddable":true,"href":"https:\/\/hanselmann.de\/en\/wp-json\/wp\/v2\/pages\/37250"}],"wp:attachment":[{"href":"https:\/\/hanselmann.de\/en\/wp-json\/wp\/v2\/media?parent=37252"}],"curies":[{"name":"wp","href":"https:\/\/api.w.org\/{rel}","templated":true}]}}