{"id":36718,"date":"2025-07-30T08:59:15","date_gmt":"2025-07-30T08:59:15","guid":{"rendered":"https:\/\/hanselmann.de\/marken\/toyota\/gasstapler\/"},"modified":"2025-08-15T10:05:27","modified_gmt":"2025-08-15T10:05:27","slug":"chariot-elevateur-a-gaz","status":"publish","type":"page","link":"https:\/\/hanselmann.de\/fr\/marken\/toyota\/gasstapler\/","title":{"rendered":"Chariot \u00e9l\u00e9vateur \u00e0 gaz"},"content":{"rendered":"<div data-elementor-type=\"page\" data-elementor-id=\"36718\" class=\"elementor elementor-36718\" data-elementor-post-type=\"page\">\n\t\t\t\t<div class=\"elementor-element elementor-element-b75e42c e-con-full sty_remove_padding kategorie-custom e-flex e-con e-parent\" data-id=\"b75e42c\" data-element_type=\"container\" data-e-type=\"container\">\n\t\t\t\t<div class=\"elementor-element elementor-element-f7b3584 fh-70vh sty_padding_inner_top_1 elementor-widget elementor-widget-s4_hero_fullwidth_bg_text_left\" data-id=\"f7b3584\" data-element_type=\"widget\" data-e-type=\"widget\" data-widget_type=\"s4_hero_fullwidth_bg_text_left.default\">\n\t\t\t\t<div class=\"elementor-widget-container\">\n\t\t\t\t\t\r\n\t<section class=\"position-relative sty_backgroundCover sty_moduleWrapper d-flex align-items-end justify-content-center\">\r\n                    <div class=\"background-overlay\" style=\"position: absolute; top: 0; left: 0; width: 100%; height: 100%; background-image: linear-gradient(to bottom, #001A3D80, #001A3D8C), url(https:\/\/hanselmann.de\/wp-content\/uploads\/2025\/05\/Hanselmann_Gasstapler_Toyota_02-8FGF30_4485_1.jpg); background-size: cover; background-position: center;\"><\/div>\r\n        \t\t\t<div class=\"\" style=\"z-index:1;\">\r\n\t\t\t\t<div class=\"container\">\r\n\t\t\t\t\t<div class=\"row\">\r\n\t\t\t\t\t\t<div class=\"col-lg-6\">\r\n\t\t\t\t\t\t\t<h1 class=\"sty_pb_d sty_txt sty_titleFontColor sty_fontFamilyTitle\" style=\"display:block;\">Chariot \u00e9l\u00e9vateur \u00e0 gaz Toyota <\/h1><div class=\"sty_pb_e sty_txt sty_fontColor sty_fontFamily\"><p><strong>Achat, location et service chez Hanselmann\u00a0<\/strong><\/p><\/div>        <div class=\"sty_pb_e\">\n            <div class='elementor-button-wrapper'>\n                                    <a class='elementor-button elementor-button-link elementor-size-sm  s4_alternateButtonTypeTransparentWhite primary-button-bg' href=\"https:\/\/app.hanselmann.de\/shop\/buy?q-shop-buy=Toyota\" target=\"_blank\" id=\"\">\n                        <span class=\"elementor-button-content-wrapper\" >\n                                                        <span class=\"elementor-button-text\">D\u00e9couvrir les appareils \u00e0 gaz<\/span>\n                        <\/span>\n                    <\/a>\n                \n                \n                            <\/div>\n                    <\/div>\n        \t\t\t\t\t\t<\/div>\r\n\t\t\t\t\t<\/div>\r\n\t\t\t\t<\/div>\r\n\r\n\t\t\t\t\r\n\t\t\t<\/div>\r\n\t\t<\/section>\r\n\r\n\t\t\t\t\t<\/div>\n\t\t\t\t<\/div>\n\t\t\t\t<\/div>\n\t\t<div class=\"elementor-element elementor-element-d0f66fd sty_margin_bottom_1 custom-p e-flex e-con-boxed e-con e-parent\" data-id=\"d0f66fd\" data-element_type=\"container\" data-e-type=\"container\">\n\t\t\t\t\t<div class=\"e-con-inner\">\n\t\t\t\t<div class=\"elementor-element elementor-element-95084c1 sty-sm col-md-8 sty_content-align-center elementor-widget elementor-widget-text-editor\" data-id=\"95084c1\" data-element_type=\"widget\" data-e-type=\"widget\" data-widget_type=\"text-editor.default\">\n\t\t\t\t<div class=\"elementor-widget-container\">\n\t\t\t\t\t\t\t\t\t<p>D\u00e9couvrez les puissants <strong>Chariot \u00e9l\u00e9vateur \u00e0 gaz Toyota <\/strong>sur hanselmann.de, id\u00e9ales pour les <strong>Industrie<\/strong>, <strong>Logistique<\/strong> et <strong>Industrie du b\u00e2timent<\/strong> sont appropri\u00e9es. Ces machines se distinguent par leur construction robuste, leur capacit\u00e9 de charge \u00e9lev\u00e9e et leur facilit\u00e9 d'utilisation. Gr\u00e2ce \u00e0 leur taille compacte et \u00e0 leur commande pr\u00e9cise, elles offrent une efficacit\u00e9 et une s\u00e9curit\u00e9 maximales lors du travail dans des entrep\u00f4ts \u00e9troits ou sur des chantiers. Le site <strong>Chariot \u00e9l\u00e9vateur \u00e0 gaz Toyota <\/strong>sont r\u00e9put\u00e9s pour leur fiabilit\u00e9 et leur long\u00e9vit\u00e9, ce qui en fait un choix privil\u00e9gi\u00e9 pour de multiples applications.<\/p><p>Sur <strong>Hanselmann<\/strong> vous trouverez un grand choix de <strong>Chariots \u00e9l\u00e9vateurs \u00e0 gaz Toyota <\/strong>en location, \u00e0 l'achat ou en tant qu'\u00e9quipement d'occasion de haute qualit\u00e9. Notre \u00e9quipe exp\u00e9riment\u00e9e vous aide \u00e0 trouver la solution adapt\u00e9e \u00e0 vos besoins individuels. Faites confiance \u00e0 <strong>Hanselmann<\/strong> comme votre partenaire comp\u00e9tent pour augmenter la productivit\u00e9 et l'efficacit\u00e9 de votre entreprise. D\u00e9couvrez d\u00e8s maintenant notre vaste gamme de <strong>Chariots \u00e9l\u00e9vateurs \u00e0 gaz Toyota <\/strong>et profitez de nos conditions attractives et de notre excellent service client\u00e8le.<\/p>\t\t\t\t\t\t\t\t<\/div>\n\t\t\t\t<\/div>\n\t\t\t\t\t<\/div>\n\t\t\t\t<\/div>\n\t\t<div class=\"elementor-element elementor-element-7fc1020 sty_padding_inner_container_top_3 sty_padding_inner_container_bottom_3 sty_margin_bottom_1 e-flex e-con-boxed e-con e-parent\" data-id=\"7fc1020\" data-element_type=\"container\" data-e-type=\"container\" data-settings=\"{&quot;background_background&quot;:&quot;classic&quot;}\">\n\t\t\t\t\t<div class=\"e-con-inner\">\n\t\t<div class=\"elementor-element elementor-element-0e40575 e-con-full e-flex e-con e-child\" data-id=\"0e40575\" data-element_type=\"container\" data-e-type=\"container\">\n\t\t\t\t<div class=\"elementor-element elementor-element-8cb3780 elementor-widget__width-initial elementor-widget elementor-widget-heading\" data-id=\"8cb3780\" data-element_type=\"widget\" data-e-type=\"widget\" data-widget_type=\"heading.default\">\n\t\t\t\t<div class=\"elementor-widget-container\">\n\t\t\t\t\t<h2 class=\"elementor-heading-title elementor-size-default\">Nos produits de chariot \u00e9l\u00e9vateur \u00e0 gaz Toyota<\/h2>\t\t\t\t<\/div>\n\t\t\t\t<\/div>\n\t\t<div class=\"elementor-element elementor-element-1239312 e-con-full sty_remove_padding e-flex e-con e-child\" data-id=\"1239312\" data-element_type=\"container\" data-e-type=\"container\">\n\t\t\t\t<div class=\"elementor-element elementor-element-479312b elementor-widget elementor-widget-button\" data-id=\"479312b\" data-element_type=\"widget\" data-e-type=\"widget\" data-widget_type=\"button.default\">\n\t\t\t\t<div class=\"elementor-widget-container\">\n\t\t\t\t\t\t\t\t\t<div class=\"elementor-button-wrapper\">\n\t\t\t\t\t<a class=\"elementor-button elementor-button-link elementor-size-sm\" href=\"https:\/\/app.hanselmann.de\/shop\/buy?q-shop-buy=Toyota\">\n\t\t\t\t\t\t<span class=\"elementor-button-content-wrapper\">\n\t\t\t\t\t\t\t\t\t<span class=\"elementor-button-text\">Voir tous les appareils disponibles<\/span>\n\t\t\t\t\t<\/span>\n\t\t\t\t\t<\/a>\n\t\t\t\t<\/div>\n\t\t\t\t\t\t\t\t<\/div>\n\t\t\t\t<\/div>\n\t\t\t\t<\/div>\n\t\t\t\t<\/div>\n\t\t\t\t<div class=\"elementor-element elementor-element-c90ca95 elementor-widget elementor-widget-shortcode\" data-id=\"c90ca95\" data-element_type=\"widget\" data-e-type=\"widget\" data-widget_type=\"shortcode.default\">\n\t\t\t\t<div class=\"elementor-widget-container\">\n\t\t\t\t\t\t\t<div class=\"elementor-shortcode\">\r\n<div class=\"rw-brand-maschines-wrapper\" data-post-type=\"gebrauchtmaschine\">\r\n    <div class=\"rw-brand-maschines-slider splide\" \r\n         id=\"rw-machines-slider-69f2c31aa0499\" \r\n         data-splide-options='{\"pagination\":true,\"arrows\":true,\"autoplay\":false,\"perPage\":4}'>\r\n        \r\n        <div class=\"splide__track\">\r\n            <ul class=\"splide__list\">\r\n                                    <li class=\"splide__slide\">\r\n                        <!--<div class=\"product-card\" data-post-id=\"\">-->\r\n                        <div class=\"product-card product-card--without-specs\" data-post-id=\"33087\">\r\n\r\n                            \r\n                            <!-- Product Card Content -->\r\n                            <div class=\"product-card__content\">\r\n                                <div class=\"product-card__title\">\r\n                                    \r\n                                    \r\n                                        <span class=\"companyName\">Toyota <\/span>\r\n\r\n                                        <a href=\"https:\/\/hanselmann.de\/fr\/marques\/toyota\/chariot-elevateur-a-gaz\/02-8fgf30\/\" class=\"product-card__title-link\" target=\"_self\" rel=\"noopener noreferrer\">    \r\n                                            <span class=\"maschineName\">02-8FGF30<\/span>\r\n                                        <\/a>\r\n\r\n                                <\/div>\r\n                                \r\n                                <div class=\"product-card__drive\">\r\n                                    Gaz                                <\/div>\r\n                            <\/div>\r\n\r\n                            <!-- Product Card Image -->\r\n                            <div class=\"product-card__image\">\r\n                                <img loading=\"lazy\" decoding=\"async\" width=\"800\" height=\"534\" src=\"https:\/\/hanselmann.de\/wp-content\/uploads\/2024\/10\/02-8FGF30-1024x683.png\" class=\"rocket_exclude_lazy\" alt=\"\" srcset=\"https:\/\/hanselmann.de\/wp-content\/uploads\/2024\/10\/02-8FGF30-1024x683.png 1024w, https:\/\/hanselmann.de\/wp-content\/uploads\/2024\/10\/02-8FGF30-300x200.png 300w, https:\/\/hanselmann.de\/wp-content\/uploads\/2024\/10\/02-8FGF30-768x512.png 768w, https:\/\/hanselmann.de\/wp-content\/uploads\/2024\/10\/02-8FGF30-1536x1024.png 1536w, https:\/\/hanselmann.de\/wp-content\/uploads\/2024\/10\/02-8FGF30-18x12.png 18w, https:\/\/hanselmann.de\/wp-content\/uploads\/2024\/10\/02-8FGF30.png 2048w\" sizes=\"auto, (max-width: 800px) 100vw, 800px\" \/>                            <\/div>\r\n\r\n                            <!-- Product Card Button -->\r\n                            <div class=\"elementor-button-wrapper\">\r\n                                                                <a href=\"https:\/\/hanselmann.de\/fr\/marques\/toyota\/chariot-elevateur-a-gaz\/02-8fgf30\/\" class=\"elementor-button elementor-button-link elementor-size-sm\" target=\"_self\" rel=\"noopener noreferrer\">\r\n                                    <span style=\"display:none;\">+<\/span> Voir &amp; Afficher les d\u00e9tails\r\n                                <\/a>            \r\n                            <\/div>\r\n                            \r\n                            <!-- ACF Fields Display -->\r\n                                                        \r\n                        <\/div>\r\n                    <\/li>\r\n                            <\/ul>\r\n        <\/div>\r\n\r\n\r\n\r\n                    <!-- Pagination Dots -->\r\n            <ul class=\"splide__pagination\"><\/ul>\r\n            <\/div>\r\n<\/div><\/div>\n\t\t\t\t\t\t<\/div>\n\t\t\t\t<\/div>\n\t\t\t\t\t<\/div>\n\t\t\t\t<\/div>\n\t\t<div class=\"elementor-element elementor-element-6e72a85 e-con-full sty_remove_padding e-flex e-con e-parent\" data-id=\"6e72a85\" data-element_type=\"container\" data-e-type=\"container\">\n\t\t\t\t<div class=\"elementor-element elementor-element-3d086b8 elementor-widget elementor-widget-template\" data-id=\"3d086b8\" data-element_type=\"widget\" data-e-type=\"widget\" data-widget_type=\"template.default\">\n\t\t\t\t<div class=\"elementor-widget-container\">\n\t\t\t\t\t\t\t<div class=\"elementor-template\">\n\t\t\t\t\t<div data-elementor-type=\"container\" data-elementor-id=\"5344\" class=\"elementor elementor-5344\" data-elementor-post-type=\"elementor_library\">\n\t\t\t\t<div class=\"elementor-element elementor-element-5f80872d e-con-full sty_remove_padding e-flex e-con e-parent\" data-id=\"5f80872d\" data-element_type=\"container\" data-e-type=\"container\">\n\t\t\t\t<div class=\"elementor-element elementor-element-648ecebe elementor-widget elementor-widget-s4_attention_grabber\" data-id=\"648ecebe\" data-element_type=\"widget\" data-e-type=\"widget\" data-widget_type=\"s4_attention_grabber.default\">\n\t\t\t\t<div class=\"elementor-widget-container\">\n\t\t\t\t\t\n\t\t<section class=\"sty_moduleWrapper\">\n\t\t\t<div class=\"container-fluid sty_fullwidthAttentionGrabber\">\n\t\t\t\t<div class=\"row\">\n\t\t\t\t\t<div class=\"col-lg-4 me-auto sty_image left-image sty_fullwidthAttentionGrabberImageHeight sty_image-container\" style=\"min-height: 500px;\">\n\t\t\t\t\t\t<img decoding=\"async\" width=\"800\" height=\"507\" src=\"https:\/\/hanselmann.de\/wp-content\/uploads\/2024\/10\/Foto_JMG-Team01-scaled-e1732010901387-1024x649.jpg\" class=\"object-fit-cover w-100 h-100\" alt=\"L&#039;\u00e9quipe Hanselmann devant les grues JMG\" loading=\"lazy\" srcset=\"https:\/\/hanselmann.de\/wp-content\/uploads\/2024\/10\/Foto_JMG-Team01-scaled-e1732010901387-1024x649.jpg 1024w, https:\/\/hanselmann.de\/wp-content\/uploads\/2024\/10\/Foto_JMG-Team01-scaled-e1732010901387-300x190.jpg 300w, https:\/\/hanselmann.de\/wp-content\/uploads\/2024\/10\/Foto_JMG-Team01-scaled-e1732010901387-768x487.jpg 768w, https:\/\/hanselmann.de\/wp-content\/uploads\/2024\/10\/Foto_JMG-Team01-scaled-e1732010901387-1536x973.jpg 1536w, https:\/\/hanselmann.de\/wp-content\/uploads\/2024\/10\/Foto_JMG-Team01-scaled-e1732010901387-2048x1297.jpg 2048w, https:\/\/hanselmann.de\/wp-content\/uploads\/2024\/10\/Foto_JMG-Team01-scaled-e1732010901387-18x12.jpg 18w\" sizes=\"auto, (max-width: 800px) 100vw, 800px\" \/>\t\t\t\t\t<\/div>\n\t\t\t\t\t<div class=\"col-lg-4 center-content sty_attentionGrabberCenterBackground\">\n\t\t\t\t\t\t\n\t\t\t\t\t<h2 class=\"sty_pb_d sty_txt sty_titleFontColor sty_titleFontFamily\" style=\"display:block;\">Hanselmann appr\u00e9cie : Haute satisfaction client sur Google<\/h2><div class=\"sty_pb_e sty_txt sty_fontColor sty_textFontFamily\"><p class=\"p1 translation-block\">Notre longue exp\u00e9rience ainsi que notre approche ax\u00e9e sur le client garantissent que nos clients peuvent toujours s\u2019attendre \u00e0 une <b>qualit\u00e9 maximale<\/b> et \u00e0 une <b>fiabilit\u00e9<\/b>. Cela se refl\u00e8te \u00e9galement dans les nombreuses \u00e9valuations positives sur Google. Convainquez-vous vous-m\u00eame de notre expertise et rejoignez nos clients satisfaits.<\/p><p><img loading=\"lazy\" decoding=\"async\" class=\"alignnone size-medium wp-image-2945\" src=\"https:\/\/hanselmann.de\/wp-content\/uploads\/2024\/10\/Group-90-300x57.jpg\" alt=\"\" width=\"300\" height=\"57\" srcset=\"https:\/\/hanselmann.de\/wp-content\/uploads\/2024\/10\/Group-90-300x57.jpg 300w, https:\/\/hanselmann.de\/wp-content\/uploads\/2024\/10\/Group-90.jpg 354w\" sizes=\"auto, (max-width: 300px) 100vw, 300px\" \/><\/p><\/div>\n\t\t\t\t\t<\/div>\n\t\t\t\t\t<div class=\"col-lg-4 ms-auto sty_image right-image sty_fullwidthAttentionGrabberImageHeight sty_image-container\" style=\"min-height: 500px;\">\n\t\t\t\t\t\t<img decoding=\"async\" width=\"606\" height=\"1024\" src=\"https:\/\/hanselmann.de\/wp-content\/uploads\/2024\/11\/Foto_hanselmann_kaufen_Manitou_weltweit_mieten-e1731667089346-606x1024.jpg\" class=\"object-fit-cover w-100 h-100\" alt=\"\" loading=\"lazy\" srcset=\"https:\/\/hanselmann.de\/wp-content\/uploads\/2024\/11\/Foto_hanselmann_kaufen_Manitou_weltweit_mieten-e1731667089346-606x1024.jpg 606w, https:\/\/hanselmann.de\/wp-content\/uploads\/2024\/11\/Foto_hanselmann_kaufen_Manitou_weltweit_mieten-e1731667089346-177x300.jpg 177w, https:\/\/hanselmann.de\/wp-content\/uploads\/2024\/11\/Foto_hanselmann_kaufen_Manitou_weltweit_mieten-e1731667089346-768x1299.jpg 768w, https:\/\/hanselmann.de\/wp-content\/uploads\/2024\/11\/Foto_hanselmann_kaufen_Manitou_weltweit_mieten-e1731667089346-908x1536.jpg 908w, https:\/\/hanselmann.de\/wp-content\/uploads\/2024\/11\/Foto_hanselmann_kaufen_Manitou_weltweit_mieten-e1731667089346-7x12.jpg 7w, https:\/\/hanselmann.de\/wp-content\/uploads\/2024\/11\/Foto_hanselmann_kaufen_Manitou_weltweit_mieten-e1731667089346.jpg 1211w\" sizes=\"auto, (max-width: 606px) 100vw, 606px\" \/>\t\t\t\t\t<\/div>\n\t\t\t\t<\/div>\n\t\t\t<\/div>\n\t\t<\/section>\n\n\n\n\n\n\t\t\t\t\t<\/div>\n\t\t\t\t<\/div>\n\t\t\t\t<\/div>\n\t\t\t\t<\/div>\n\t\t\t\t<\/div>\n\t\t\t\t\t\t<\/div>\n\t\t\t\t<\/div>\n\t\t\t\t<\/div>\n\t\t\t\t<\/div>","protected":false},"excerpt":{"rendered":"<p>Toyota Gasstapler Kauf, Miete und Service bei Hanselmann\u00a0 Gasstapler Ger\u00e4te entdecken Entdecken Sie die leistungsstarken Toyota Gasstapler auf hanselmann.de, die ideal f\u00fcr den Einsatz in der Industrie, Logistik und Bauwirtschaft geeignet sind. Diese Maschinen zeichnen sich durch ihre robuste Bauweise, hohe Tragkraft und einfache Handhabung aus. Dank ihrer kompakten Gr\u00f6\u00dfe und der pr\u00e4zisen Steuerung bieten [&hellip;]<\/p>\n","protected":false},"author":3,"featured_media":0,"parent":36706,"menu_order":0,"comment_status":"closed","ping_status":"closed","template":"","meta":{"_acf_changed":false,"footnotes":""},"class_list":["post-36718","page","type-page","status-publish","hentry"],"acf":[],"_links":{"self":[{"href":"https:\/\/hanselmann.de\/fr\/wp-json\/wp\/v2\/pages\/36718","targetHints":{"allow":["GET"]}}],"collection":[{"href":"https:\/\/hanselmann.de\/fr\/wp-json\/wp\/v2\/pages"}],"about":[{"href":"https:\/\/hanselmann.de\/fr\/wp-json\/wp\/v2\/types\/page"}],"author":[{"embeddable":true,"href":"https:\/\/hanselmann.de\/fr\/wp-json\/wp\/v2\/users\/3"}],"replies":[{"embeddable":true,"href":"https:\/\/hanselmann.de\/fr\/wp-json\/wp\/v2\/comments?post=36718"}],"version-history":[{"count":2,"href":"https:\/\/hanselmann.de\/fr\/wp-json\/wp\/v2\/pages\/36718\/revisions"}],"predecessor-version":[{"id":38326,"href":"https:\/\/hanselmann.de\/fr\/wp-json\/wp\/v2\/pages\/36718\/revisions\/38326"}],"up":[{"embeddable":true,"href":"https:\/\/hanselmann.de\/fr\/wp-json\/wp\/v2\/pages\/36706"}],"wp:attachment":[{"href":"https:\/\/hanselmann.de\/fr\/wp-json\/wp\/v2\/media?parent=36718"}],"curies":[{"name":"wp","href":"https:\/\/api.w.org\/{rel}","templated":true}]}}