{"id":37154,"date":"2025-07-30T10:28:05","date_gmt":"2025-07-30T10:28:05","guid":{"rendered":"https:\/\/hanselmann.de\/marken\/bobcat\/baumaschine\/"},"modified":"2025-07-30T10:28:05","modified_gmt":"2025-07-30T10:28:05","slug":"baumaschine","status":"publish","type":"page","link":"https:\/\/hanselmann.de\/it\/marken\/bobcat\/baumaschine\/","title":{"rendered":"Macchina da costruzione"},"content":{"rendered":"<div data-elementor-type=\"page\" data-elementor-id=\"37154\" class=\"elementor elementor-37154\" data-elementor-post-type=\"page\">\n\t\t\t\t<div class=\"elementor-element elementor-element-b75e42c e-con-full sty_remove_padding kategorie-custom e-flex e-con e-parent\" data-id=\"b75e42c\" data-element_type=\"container\" data-e-type=\"container\">\n\t\t\t\t<div class=\"elementor-element elementor-element-f7b3584 fh-70vh sty_padding_inner_top_1 elementor-widget elementor-widget-s4_hero_fullwidth_bg_text_left\" data-id=\"f7b3584\" data-element_type=\"widget\" data-e-type=\"widget\" data-widget_type=\"s4_hero_fullwidth_bg_text_left.default\">\n\t\t\t\t<div class=\"elementor-widget-container\">\n\t\t\t\t\t\r\n\t<section class=\"position-relative sty_backgroundCover sty_moduleWrapper d-flex align-items-end justify-content-center\">\r\n                    <div class=\"background-overlay\" style=\"position: absolute; top: 0; left: 0; width: 100%; height: 100%; background-image: linear-gradient(to bottom, #001A3D80, #001A3D8C), url(https:\/\/hanselmann.de\/wp-content\/uploads\/2025\/05\/Hanselmann_Baumaschine_Bobcat_E17-CAN_5946_1.jpg); background-size: cover; background-position: center;\"><\/div>\r\n        \t\t\t<div class=\"\" style=\"z-index:1;\">\r\n\t\t\t\t<div class=\"container\">\r\n\t\t\t\t\t<div class=\"row\">\r\n\t\t\t\t\t\t<div class=\"col-lg-6\">\r\n\t\t\t\t\t\t\t<h1 class=\"sty_pb_d sty_txt sty_titleFontColor sty_fontFamilyTitle\" style=\"display:block;\">Bobcat Baumaschine<\/h1><div class=\"sty_pb_e sty_txt sty_fontColor sty_fontFamily\"><p><strong>Acquisto, noleggio e assistenza da Hanselmann\u00a0<\/strong><\/p><\/div>        <div class=\"sty_pb_e\">\n            <div class='elementor-button-wrapper'>\n                                    <a class='elementor-button elementor-button-link elementor-size-sm  s4_alternateButtonTypeTransparentWhite primary-button-bg' href=\"https:\/\/app.hanselmann.de\/shop\/buy?q-shop-buy=Bobcat\" target=\"_blank\" id=\"\">\n                        <span class=\"elementor-button-content-wrapper\" >\n                                                        <span class=\"elementor-button-text\">Baumaschine Ger\u00e4te entdecken<\/span>\n                        <\/span>\n                    <\/a>\n                \n                \n                            <\/div>\n                    <\/div>\n        \t\t\t\t\t\t<\/div>\r\n\t\t\t\t\t<\/div>\r\n\t\t\t\t<\/div>\r\n\r\n\t\t\t\t\r\n\t\t\t<\/div>\r\n\t\t<\/section>\r\n\r\n\t\t\t\t\t<\/div>\n\t\t\t\t<\/div>\n\t\t\t\t<\/div>\n\t\t<div class=\"elementor-element elementor-element-d0f66fd sty_margin_bottom_1 custom-p e-flex e-con-boxed e-con e-parent\" data-id=\"d0f66fd\" data-element_type=\"container\" data-e-type=\"container\">\n\t\t\t\t\t<div class=\"e-con-inner\">\n\t\t\t\t<div class=\"elementor-element elementor-element-95084c1 sty-sm col-md-8 sty_content-align-center elementor-widget elementor-widget-text-editor\" data-id=\"95084c1\" data-element_type=\"widget\" data-e-type=\"widget\" data-widget_type=\"text-editor.default\">\n\t\t\t\t<div class=\"elementor-widget-container\">\n\t\t\t\t\t\t\t\t\t<p><strong>Bobcat Baumaschinen<\/strong> stehen f\u00fcr herausragende Qualit\u00e4t und zuverl\u00e4ssige Leistung in Bau, Industrie, Logistik und Landwirtschaft. Ob <strong>Carrello elevatore telescopico<\/strong> o <strong>Scherenb\u00fchne<\/strong>, die Vielseitigkeit dieser Maschinen erm\u00f6glicht effizientes Arbeiten unter verschiedensten Bedingungen. Sie bieten pr\u00e4zise Man\u00f6vrierf\u00e4higkeit und sind ideal f\u00fcr Arbeiten, die hohe Flexibilit\u00e4t und Stabilit\u00e4t erfordern. Mit innovativer Technik und robuster Bauweise sind Bobcat Baumaschinen die perfekte Wahl f\u00fcr anspruchsvolle Projekte.<\/p>\n\n<p>Als erfahrener Anbieter in der Branche bietet <strong>Hanselmann<\/strong> Ihnen eine breite Auswahl an <strong>Bobcat Baumaschinen<\/strong> zur Miete, zum Kauf oder als Gebrauchtger\u00e4te. Unsere Expertise garantiert, dass Sie die beste L\u00f6sung f\u00fcr Ihre spezifischen Anforderungen finden. Vertrauen Sie auf Hanselmann f\u00fcr erstklassigen Service und Unterst\u00fctzung, um Ihre Arbeitsprozesse zu optimieren. Entdecken Sie unser Angebot und profitieren Sie von unserer langj\u00e4hrigen Erfahrung und unserem Engagement f\u00fcr Qualit\u00e4t und Kundenzufriedenheit.<\/p>\t\t\t\t\t\t\t\t<\/div>\n\t\t\t\t<\/div>\n\t\t\t\t\t<\/div>\n\t\t\t\t<\/div>\n\t\t<div class=\"elementor-element elementor-element-7fc1020 sty_padding_inner_container_top_3 sty_padding_inner_container_bottom_3 sty_margin_bottom_1 e-flex e-con-boxed e-con e-parent\" data-id=\"7fc1020\" data-element_type=\"container\" data-e-type=\"container\" data-settings=\"{&quot;background_background&quot;:&quot;classic&quot;}\">\n\t\t\t\t\t<div class=\"e-con-inner\">\n\t\t<div class=\"elementor-element elementor-element-0e40575 e-con-full e-flex e-con e-child\" data-id=\"0e40575\" data-element_type=\"container\" data-e-type=\"container\">\n\t\t\t\t<div class=\"elementor-element elementor-element-8cb3780 elementor-widget__width-initial elementor-widget elementor-widget-heading\" data-id=\"8cb3780\" data-element_type=\"widget\" data-e-type=\"widget\" data-widget_type=\"heading.default\">\n\t\t\t\t<div class=\"elementor-widget-container\">\n\t\t\t\t\t<h2 class=\"elementor-heading-title elementor-size-default\">Unsere Bobcat Baumaschine Produkte<\/h2>\t\t\t\t<\/div>\n\t\t\t\t<\/div>\n\t\t<div class=\"elementor-element elementor-element-1239312 e-con-full sty_remove_padding e-flex e-con e-child\" data-id=\"1239312\" data-element_type=\"container\" data-e-type=\"container\">\n\t\t\t\t<div class=\"elementor-element elementor-element-479312b elementor-widget elementor-widget-button\" data-id=\"479312b\" data-element_type=\"widget\" data-e-type=\"widget\" data-widget_type=\"button.default\">\n\t\t\t\t<div class=\"elementor-widget-container\">\n\t\t\t\t\t\t\t\t\t<div class=\"elementor-button-wrapper\">\n\t\t\t\t\t<a class=\"elementor-button elementor-button-link elementor-size-sm\" href=\"https:\/\/app.hanselmann.de\/shop\/buy?q-shop-buy=Bobcat\">\n\t\t\t\t\t\t<span class=\"elementor-button-content-wrapper\">\n\t\t\t\t\t\t\t\t\t<span class=\"elementor-button-text\">Visualizza tutti i dispositivi disponibili<\/span>\n\t\t\t\t\t<\/span>\n\t\t\t\t\t<\/a>\n\t\t\t\t<\/div>\n\t\t\t\t\t\t\t\t<\/div>\n\t\t\t\t<\/div>\n\t\t\t\t<\/div>\n\t\t\t\t<\/div>\n\t\t\t\t<div class=\"elementor-element elementor-element-c90ca95 elementor-widget elementor-widget-shortcode\" data-id=\"c90ca95\" data-element_type=\"widget\" data-e-type=\"widget\" data-widget_type=\"shortcode.default\">\n\t\t\t\t<div class=\"elementor-widget-container\">\n\t\t\t\t\t\t\t<div class=\"elementor-shortcode\">\r\n<div class=\"rw-brand-maschines-wrapper\" data-post-type=\"gebrauchtmaschine\">\r\n    <div class=\"rw-brand-maschines-slider splide\" \r\n         id=\"rw-machines-slider-69d9ca1073003\" \r\n         data-splide-options='{\"pagination\":true,\"arrows\":true,\"autoplay\":false,\"perPage\":4}'>\r\n        \r\n        <div class=\"splide__track\">\r\n            <ul class=\"splide__list\">\r\n                                    <li class=\"splide__slide\">\r\n                        <!--<div class=\"product-card\" data-post-id=\"\">-->\r\n                        <div class=\"product-card product-card--without-specs\" data-post-id=\"32958\">\r\n\r\n                            \r\n                            <!-- Product Card Content -->\r\n                            <div class=\"product-card__content\">\r\n                                <div class=\"product-card__title\">\r\n                                    \r\n                                    \r\n                                        <span class=\"companyName\">Bobcat <\/span>\r\n\r\n                                        <a href=\"https:\/\/hanselmann.de\/it\/marche\/bobcat\/baumaschine\/e17-can\/\" class=\"product-card__title-link\" target=\"_self\" rel=\"noopener noreferrer\">    \r\n                                            <span class=\"maschineName\">E17 CAN<\/span>\r\n                                        <\/a>\r\n\r\n                                <\/div>\r\n                                \r\n                                <div class=\"product-card__drive\">\r\n                                    Diesel                                <\/div>\r\n                            <\/div>\r\n\r\n                            <!-- Product Card Image -->\r\n                            <div class=\"product-card__image\">\r\n                                <img loading=\"lazy\" decoding=\"async\" width=\"800\" height=\"600\" src=\"https:\/\/hanselmann.de\/wp-content\/uploads\/2025\/05\/E17-CAN-1024x768.png\" class=\"rocket_exclude_lazy\" alt=\"\" srcset=\"https:\/\/hanselmann.de\/wp-content\/uploads\/2025\/05\/E17-CAN-1024x768.png 1024w, https:\/\/hanselmann.de\/wp-content\/uploads\/2025\/05\/E17-CAN-300x225.png 300w, https:\/\/hanselmann.de\/wp-content\/uploads\/2025\/05\/E17-CAN-768x576.png 768w, https:\/\/hanselmann.de\/wp-content\/uploads\/2025\/05\/E17-CAN-1536x1152.png 1536w, https:\/\/hanselmann.de\/wp-content\/uploads\/2025\/05\/E17-CAN-16x12.png 16w, https:\/\/hanselmann.de\/wp-content\/uploads\/2025\/05\/E17-CAN.png 2048w\" sizes=\"auto, (max-width: 800px) 100vw, 800px\" \/>                            <\/div>\r\n\r\n                            <!-- Product Card Button -->\r\n                            <div class=\"elementor-button-wrapper\">\r\n                                                                <a href=\"https:\/\/hanselmann.de\/it\/marche\/bobcat\/baumaschine\/e17-can\/\" class=\"elementor-button elementor-button-link elementor-size-sm\" target=\"_self\" rel=\"noopener noreferrer\">\r\n                                    <span style=\"display:none;\">+<\/span> Ansehen & Details anzeigen\r\n                                <\/a>            \r\n                            <\/div>\r\n                            \r\n                            <!-- ACF Fields Display -->\r\n                                                        \r\n                        <\/div>\r\n                    <\/li>\r\n                            <\/ul>\r\n        <\/div>\r\n\r\n\r\n\r\n                    <!-- Pagination Dots -->\r\n            <ul class=\"splide__pagination\"><\/ul>\r\n            <\/div>\r\n<\/div><\/div>\n\t\t\t\t\t\t<\/div>\n\t\t\t\t<\/div>\n\t\t\t\t\t<\/div>\n\t\t\t\t<\/div>\n\t\t<div class=\"elementor-element elementor-element-6e72a85 e-con-full sty_remove_padding e-flex e-con e-parent\" data-id=\"6e72a85\" data-element_type=\"container\" data-e-type=\"container\">\n\t\t\t\t<div class=\"elementor-element elementor-element-3d086b8 elementor-widget elementor-widget-template\" data-id=\"3d086b8\" data-element_type=\"widget\" data-e-type=\"widget\" data-widget_type=\"template.default\">\n\t\t\t\t<div class=\"elementor-widget-container\">\n\t\t\t\t\t\t\t<div class=\"elementor-template\">\n\t\t\t\t\t<div data-elementor-type=\"container\" data-elementor-id=\"5344\" class=\"elementor elementor-5344\" data-elementor-post-type=\"elementor_library\">\n\t\t\t\t<div class=\"elementor-element elementor-element-5f80872d e-con-full sty_remove_padding e-flex e-con e-parent\" data-id=\"5f80872d\" data-element_type=\"container\" data-e-type=\"container\">\n\t\t\t\t<div class=\"elementor-element elementor-element-648ecebe elementor-widget elementor-widget-s4_attention_grabber\" data-id=\"648ecebe\" data-element_type=\"widget\" data-e-type=\"widget\" data-widget_type=\"s4_attention_grabber.default\">\n\t\t\t\t<div class=\"elementor-widget-container\">\n\t\t\t\t\t\n\t\t<section class=\"sty_moduleWrapper\">\n\t\t\t<div class=\"container-fluid sty_fullwidthAttentionGrabber\">\n\t\t\t\t<div class=\"row\">\n\t\t\t\t\t<div class=\"col-lg-4 me-auto sty_image left-image sty_fullwidthAttentionGrabberImageHeight sty_image-container\" style=\"min-height: 500px;\">\n\t\t\t\t\t\t<img decoding=\"async\" width=\"800\" height=\"507\" src=\"https:\/\/hanselmann.de\/wp-content\/uploads\/2024\/10\/Foto_JMG-Team01-scaled-e1732010901387-1024x649.jpg\" class=\"object-fit-cover w-100 h-100\" alt=\"Il Team Hanselmann davanti alle gru JMG\" loading=\"lazy\" srcset=\"https:\/\/hanselmann.de\/wp-content\/uploads\/2024\/10\/Foto_JMG-Team01-scaled-e1732010901387-1024x649.jpg 1024w, https:\/\/hanselmann.de\/wp-content\/uploads\/2024\/10\/Foto_JMG-Team01-scaled-e1732010901387-300x190.jpg 300w, https:\/\/hanselmann.de\/wp-content\/uploads\/2024\/10\/Foto_JMG-Team01-scaled-e1732010901387-768x487.jpg 768w, https:\/\/hanselmann.de\/wp-content\/uploads\/2024\/10\/Foto_JMG-Team01-scaled-e1732010901387-1536x973.jpg 1536w, https:\/\/hanselmann.de\/wp-content\/uploads\/2024\/10\/Foto_JMG-Team01-scaled-e1732010901387-2048x1297.jpg 2048w, https:\/\/hanselmann.de\/wp-content\/uploads\/2024\/10\/Foto_JMG-Team01-scaled-e1732010901387-18x12.jpg 18w\" sizes=\"auto, (max-width: 800px) 100vw, 800px\" \/>\t\t\t\t\t<\/div>\n\t\t\t\t\t<div class=\"col-lg-4 center-content sty_attentionGrabberCenterBackground\">\n\t\t\t\t\t\t\n\t\t\t\t\t<h2 class=\"sty_pb_d sty_txt sty_titleFontColor sty_titleFontFamily\" style=\"display:block;\">A Hanselmann piace: alta soddisfazione dei clienti di Google<\/h2><div class=\"sty_pb_e sty_txt sty_fontColor sty_textFontFamily\"><p class=\"p1 translation-block\">La nostra esperienza pluriennale e il nostro approccio orientato al cliente fanno s\u00ec che i nostri clienti possano sempre aspettarsi <b>la massima qualit\u00e0<\/b> e <b>affidabilit\u00e0<\/b>. Questo si riflette anche nelle numerose recensioni positive su Google. Convincetevi della nostra competenza e diventate parte dei nostri clienti soddisfatti.<\/p><p><img loading=\"lazy\" decoding=\"async\" class=\"alignnone size-medium wp-image-2945\" src=\"https:\/\/hanselmann.de\/wp-content\/uploads\/2024\/10\/Group-90-300x57.jpg\" alt=\"\" width=\"300\" height=\"57\" srcset=\"https:\/\/hanselmann.de\/wp-content\/uploads\/2024\/10\/Group-90-300x57.jpg 300w, https:\/\/hanselmann.de\/wp-content\/uploads\/2024\/10\/Group-90.jpg 354w\" sizes=\"auto, (max-width: 300px) 100vw, 300px\" \/><\/p><\/div>\n\t\t\t\t\t<\/div>\n\t\t\t\t\t<div class=\"col-lg-4 ms-auto sty_image right-image sty_fullwidthAttentionGrabberImageHeight sty_image-container\" style=\"min-height: 500px;\">\n\t\t\t\t\t\t<img decoding=\"async\" width=\"606\" height=\"1024\" src=\"https:\/\/hanselmann.de\/wp-content\/uploads\/2024\/11\/Foto_hanselmann_kaufen_Manitou_weltweit_mieten-e1731667089346-606x1024.jpg\" class=\"object-fit-cover w-100 h-100\" alt=\"\" loading=\"lazy\" srcset=\"https:\/\/hanselmann.de\/wp-content\/uploads\/2024\/11\/Foto_hanselmann_kaufen_Manitou_weltweit_mieten-e1731667089346-606x1024.jpg 606w, https:\/\/hanselmann.de\/wp-content\/uploads\/2024\/11\/Foto_hanselmann_kaufen_Manitou_weltweit_mieten-e1731667089346-177x300.jpg 177w, https:\/\/hanselmann.de\/wp-content\/uploads\/2024\/11\/Foto_hanselmann_kaufen_Manitou_weltweit_mieten-e1731667089346-768x1299.jpg 768w, https:\/\/hanselmann.de\/wp-content\/uploads\/2024\/11\/Foto_hanselmann_kaufen_Manitou_weltweit_mieten-e1731667089346-908x1536.jpg 908w, https:\/\/hanselmann.de\/wp-content\/uploads\/2024\/11\/Foto_hanselmann_kaufen_Manitou_weltweit_mieten-e1731667089346-7x12.jpg 7w, https:\/\/hanselmann.de\/wp-content\/uploads\/2024\/11\/Foto_hanselmann_kaufen_Manitou_weltweit_mieten-e1731667089346.jpg 1211w\" sizes=\"auto, (max-width: 606px) 100vw, 606px\" \/>\t\t\t\t\t<\/div>\n\t\t\t\t<\/div>\n\t\t\t<\/div>\n\t\t<\/section>\n\n\n\n\n\n\t\t\t\t\t<\/div>\n\t\t\t\t<\/div>\n\t\t\t\t<\/div>\n\t\t\t\t<\/div>\n\t\t\t\t<\/div>\n\t\t\t\t\t\t<\/div>\n\t\t\t\t<\/div>\n\t\t\t\t<\/div>\n\t\t\t\t<\/div>","protected":false},"excerpt":{"rendered":"<p>Baumaschine Kauf, Miete und Service bei Hanselmann\u00a0 Baumaschine Ger\u00e4te entdecken &lt;p&gt;Entdecken Sie die vielseitige Welt der &lt;strong&gt;Baumaschine Bobcat&lt;\/strong&gt; bei Hanselmann. Diese leistungsstarken Maschinen sind perfekt f\u00fcr den Einsatz in Bau, Industrie, Logistik und Landwirtschaft geeignet. &lt;strong&gt;Bobcat&lt;\/strong&gt;-Modelle zeichnen sich durch ihre kompakte Bauweise, hohe Wendigkeit und beeindruckende Leistung aus, wodurch sie sich ideal f\u00fcr Arbeiten auf [&hellip;]<\/p>\n","protected":false},"author":3,"featured_media":0,"parent":37152,"menu_order":0,"comment_status":"closed","ping_status":"closed","template":"","meta":{"_acf_changed":false,"footnotes":""},"class_list":["post-37154","page","type-page","status-publish","hentry"],"acf":[],"_links":{"self":[{"href":"https:\/\/hanselmann.de\/it\/wp-json\/wp\/v2\/pages\/37154","targetHints":{"allow":["GET"]}}],"collection":[{"href":"https:\/\/hanselmann.de\/it\/wp-json\/wp\/v2\/pages"}],"about":[{"href":"https:\/\/hanselmann.de\/it\/wp-json\/wp\/v2\/types\/page"}],"author":[{"embeddable":true,"href":"https:\/\/hanselmann.de\/it\/wp-json\/wp\/v2\/users\/3"}],"replies":[{"embeddable":true,"href":"https:\/\/hanselmann.de\/it\/wp-json\/wp\/v2\/comments?post=37154"}],"version-history":[{"count":1,"href":"https:\/\/hanselmann.de\/it\/wp-json\/wp\/v2\/pages\/37154\/revisions"}],"predecessor-version":[{"id":37155,"href":"https:\/\/hanselmann.de\/it\/wp-json\/wp\/v2\/pages\/37154\/revisions\/37155"}],"up":[{"embeddable":true,"href":"https:\/\/hanselmann.de\/it\/wp-json\/wp\/v2\/pages\/37152"}],"wp:attachment":[{"href":"https:\/\/hanselmann.de\/it\/wp-json\/wp\/v2\/media?parent=37154"}],"curies":[{"name":"wp","href":"https:\/\/api.w.org\/{rel}","templated":true}]}}