{"id":37362,"date":"2025-07-30T11:01:14","date_gmt":"2025-07-30T11:01:14","guid":{"rendered":"https:\/\/hanselmann.de\/marken\/mulinari\/"},"modified":"2025-08-22T11:15:12","modified_gmt":"2025-08-22T11:15:12","slug":"mulinari","status":"publish","type":"page","link":"https:\/\/hanselmann.de\/it\/marken\/mulinari\/","title":{"rendered":"Mulinari"},"content":{"rendered":"<div data-elementor-type=\"page\" data-elementor-id=\"37362\" class=\"elementor elementor-37362\" data-elementor-post-type=\"page\">\n\t\t\t\t<div class=\"elementor-element elementor-element-b75e42c e-con-full sty_remove_padding kategorie-custom e-flex e-con e-parent\" data-id=\"b75e42c\" data-element_type=\"container\" data-e-type=\"container\">\n\t\t\t\t<div class=\"elementor-element elementor-element-f7b3584 fh-70vh sty_padding_inner_top_1 elementor-widget elementor-widget-s4_hero_fullwidth_bg_text_left\" data-id=\"f7b3584\" data-element_type=\"widget\" data-e-type=\"widget\" data-widget_type=\"s4_hero_fullwidth_bg_text_left.default\">\n\t\t\t\t<div class=\"elementor-widget-container\">\n\t\t\t\t\t\r\n\t<section class=\"position-relative sty_backgroundCover sty_moduleWrapper d-flex align-items-end justify-content-center\">\r\n                    <div class=\"background-overlay\" style=\"position: absolute; top: 0; left: 0; width: 100%; height: 100%; background-image: linear-gradient(to bottom, #001A3D80, #001A3D8C), url(https:\/\/hanselmann.de\/wp-content\/uploads\/2025\/08\/Mulinari_M150_Gn982_5.jpg); background-size: cover; background-position: center;\"><\/div>\r\n        \t\t\t<div class=\"\" style=\"z-index:1;\">\r\n\t\t\t\t<div class=\"container\">\r\n\t\t\t\t\t<div class=\"row\">\r\n\t\t\t\t\t\t<div class=\"col-lg-6\">\r\n\t\t\t\t\t\t\t<h1 class=\"sty_pb_d sty_txt sty_titleFontColor sty_fontFamilyTitle\" style=\"display:block;\">Mulinari<\/h1><div class=\"sty_pb_e sty_txt sty_fontColor sty_fontFamily\"><p><strong>Acquisto, noleggio e assistenza da Hanselmann\u00a0<\/strong><\/p><\/div>        <div class=\"sty_pb_e\">\n            <div class='elementor-button-wrapper'>\n                                    <a class='elementor-button elementor-button-link elementor-size-sm  s4_alternateButtonTypeTransparentWhite primary-button-bg' href=\"https:\/\/app.hanselmann.de\/shop\/buy?q-shop-buy=Mulinari\" target=\"_blank\" id=\"\">\n                        <span class=\"elementor-button-content-wrapper\" >\n                                                        <span class=\"elementor-button-text\">Mulinari Ger\u00e4te entdecken<\/span>\n                        <\/span>\n                    <\/a>\n                \n                \n                            <\/div>\n                    <\/div>\n        \t\t\t\t\t\t<\/div>\r\n\t\t\t\t\t<\/div>\r\n\t\t\t\t<\/div>\r\n\r\n\t\t\t\t\r\n\t\t\t<\/div>\r\n\t\t<\/section>\r\n\r\n\t\t\t\t\t<\/div>\n\t\t\t\t<\/div>\n\t\t\t\t<\/div>\n\t\t<div class=\"elementor-element elementor-element-d0f66fd sty_margin_bottom_1 custom-p e-flex e-con-boxed e-con e-parent\" data-id=\"d0f66fd\" data-element_type=\"container\" data-e-type=\"container\">\n\t\t\t\t\t<div class=\"e-con-inner\">\n\t\t\t\t<div class=\"elementor-element elementor-element-95084c1 sty-sm col-md-8 sty_content-align-center elementor-widget elementor-widget-text-editor\" data-id=\"95084c1\" data-element_type=\"widget\" data-e-type=\"widget\" data-widget_type=\"text-editor.default\">\n\t\t\t\t<div class=\"elementor-widget-container\">\n\t\t\t\t\t\t\t\t\t<p>Il marchio <strong>Mulinari<\/strong> hat sich als unverzichtbarer Partner in der Welt der <strong>Gru<\/strong>-Technologie etabliert. Ob im Bauwesen, in Industriebetrieben, der Lagerlogistik oder in landwirtschaftlichen Betrieben \u2013 die Maschinen von Mulinari \u00fcberzeugen durch ihre <strong>Costruzione robusta<\/strong> e <strong>Unit\u00e0 ad alta efficienza energetica<\/strong>. Diese Eigenschaften machen sie nicht nur <strong>Pronto per l'uso immediato<\/strong>, sondern auch ideal f\u00fcr wechselnde Einsatzorte. Kunden k\u00f6nnen die hochwertigen Krane zur Miete, zum Kauf oder als Gebrauchtger\u00e4te erwerben. Dank der <strong>componenti durevoli<\/strong> und des <strong>wartungsfreundlichen Designs<\/strong> sind die Maschinen besonders <strong>zuverl\u00e4ssig im Dauereinsatz<\/strong>. Mulinari setzt zudem auf <strong>moderne Sicherheitsstandards<\/strong>, um den Bedienkomfort und die Sicherheit zu maximieren. Die Krane sind anpassbar an spezifische Projekte, was sie zu einer flexiblen L\u00f6sung f\u00fcr unterschiedlichste Anforderungen macht. Entdecken Sie die Vorteile von Mulinari-Kranen und erleben Sie eine neue Dimension der Effizienz und Zuverl\u00e4ssigkeit.<\/p>\t\t\t\t\t\t\t\t<\/div>\n\t\t\t\t<\/div>\n\t\t\t\t\t<\/div>\n\t\t\t\t<\/div>\n\t\t<div class=\"elementor-element elementor-element-7fc1020 sty_padding_inner_container_top_3 sty_padding_inner_container_bottom_3 sty_margin_bottom_1 e-flex e-con-boxed e-con e-parent\" data-id=\"7fc1020\" data-element_type=\"container\" data-e-type=\"container\" data-settings=\"{&quot;background_background&quot;:&quot;classic&quot;}\">\n\t\t\t\t\t<div class=\"e-con-inner\">\n\t\t<div class=\"elementor-element elementor-element-0e40575 e-con-full e-flex e-con e-child\" data-id=\"0e40575\" data-element_type=\"container\" data-e-type=\"container\">\n\t\t\t\t<div class=\"elementor-element elementor-element-8cb3780 elementor-widget__width-initial elementor-widget elementor-widget-heading\" data-id=\"8cb3780\" data-element_type=\"widget\" data-e-type=\"widget\" data-widget_type=\"heading.default\">\n\t\t\t\t<div class=\"elementor-widget-container\">\n\t\t\t\t\t<h2 class=\"elementor-heading-title elementor-size-default\">Unsere Mulinari Kategorien<\/h2>\t\t\t\t<\/div>\n\t\t\t\t<\/div>\n\t\t<div class=\"elementor-element elementor-element-1239312 e-con-full sty_remove_padding e-flex e-con e-child\" data-id=\"1239312\" data-element_type=\"container\" data-e-type=\"container\">\n\t\t\t\t<div class=\"elementor-element elementor-element-479312b elementor-widget elementor-widget-button\" data-id=\"479312b\" data-element_type=\"widget\" data-e-type=\"widget\" data-widget_type=\"button.default\">\n\t\t\t\t<div class=\"elementor-widget-container\">\n\t\t\t\t\t\t\t\t\t<div class=\"elementor-button-wrapper\">\n\t\t\t\t\t<a class=\"elementor-button elementor-button-link elementor-size-sm\" href=\"https:\/\/app.hanselmann.de\/shop\/buy?q-shop-buy=Mulinari\">\n\t\t\t\t\t\t<span class=\"elementor-button-content-wrapper\">\n\t\t\t\t\t\t\t\t\t<span class=\"elementor-button-text\">Visualizza tutti i dispositivi disponibili<\/span>\n\t\t\t\t\t<\/span>\n\t\t\t\t\t<\/a>\n\t\t\t\t<\/div>\n\t\t\t\t\t\t\t\t<\/div>\n\t\t\t\t<\/div>\n\t\t\t\t<\/div>\n\t\t\t\t<\/div>\n\t\t\t\t<div class=\"elementor-element elementor-element-c90ca95 elementor-widget elementor-widget-shortcode\" data-id=\"c90ca95\" data-element_type=\"widget\" data-e-type=\"widget\" data-widget_type=\"shortcode.default\">\n\t\t\t\t<div class=\"elementor-widget-container\">\n\t\t\t\t\t\t\t<div class=\"elementor-shortcode\">\r\n<div class=\"rw-brand-maschines-categorys-wrapper\" data-post-type=\"neumaschine\" data-taxonomy=\"rubric_buy\">\r\n    <div class=\"hnsmn_category-grid\">\r\n        \r\n                                \r\n            <a href=\"https:\/\/hanselmann.de\/it\/marche\/mulinari\/kran\/\" class=\"category-card\" data-term-id=\"266\" target=\"_self\" rel=\"noopener noreferrer\">\r\n                \r\n                <!-- Category Icon\/Image -->\r\n                <div class=\"category-card__icon\">\r\n                    <img decoding=\"async\" src=\"https:\/\/hanselmann.de\/wp-content\/uploads\/2024\/11\/Hanselmann-Icon_JMG.svg\" alt=\"Gru\" \/>                <\/div>\r\n\r\n                <!-- Category Title -->\r\n                <span class=\"category-card__title\">Gru<\/span>\r\n\r\n                <!-- Category Description (optional) -->\r\n                \r\n            <\/a>\r\n        \r\n    <\/div>\r\n    \r\n    <!-- Category Grid Info (commented out) -->\r\n    <\/div>\r\n<\/div>\n\t\t\t\t\t\t<\/div>\n\t\t\t\t<\/div>\n\t\t\t\t\t<\/div>\n\t\t\t\t<\/div>\n\t\t<div class=\"elementor-element elementor-element-6e72a85 e-con-full sty_remove_padding e-flex e-con e-parent\" data-id=\"6e72a85\" data-element_type=\"container\" data-e-type=\"container\">\n\t\t\t\t<div class=\"elementor-element elementor-element-3d086b8 elementor-widget elementor-widget-template\" data-id=\"3d086b8\" data-element_type=\"widget\" data-e-type=\"widget\" data-widget_type=\"template.default\">\n\t\t\t\t<div class=\"elementor-widget-container\">\n\t\t\t\t\t\t\t<div class=\"elementor-template\">\n\t\t\t\t\t<div data-elementor-type=\"container\" data-elementor-id=\"5344\" class=\"elementor elementor-5344\" data-elementor-post-type=\"elementor_library\">\n\t\t\t\t<div class=\"elementor-element elementor-element-5f80872d e-con-full sty_remove_padding e-flex e-con e-parent\" data-id=\"5f80872d\" data-element_type=\"container\" data-e-type=\"container\">\n\t\t\t\t<div class=\"elementor-element elementor-element-648ecebe elementor-widget elementor-widget-s4_attention_grabber\" data-id=\"648ecebe\" data-element_type=\"widget\" data-e-type=\"widget\" data-widget_type=\"s4_attention_grabber.default\">\n\t\t\t\t<div class=\"elementor-widget-container\">\n\t\t\t\t\t\n\t\t<section class=\"sty_moduleWrapper\">\n\t\t\t<div class=\"container-fluid sty_fullwidthAttentionGrabber\">\n\t\t\t\t<div class=\"row\">\n\t\t\t\t\t<div class=\"col-lg-4 me-auto sty_image left-image sty_fullwidthAttentionGrabberImageHeight sty_image-container\" style=\"min-height: 500px;\">\n\t\t\t\t\t\t<img decoding=\"async\" width=\"800\" height=\"507\" src=\"https:\/\/hanselmann.de\/wp-content\/uploads\/2024\/10\/Foto_JMG-Team01-scaled-e1732010901387-1024x649.jpg\" class=\"object-fit-cover w-100 h-100\" alt=\"Il Team Hanselmann davanti alle gru JMG\" loading=\"lazy\" srcset=\"https:\/\/hanselmann.de\/wp-content\/uploads\/2024\/10\/Foto_JMG-Team01-scaled-e1732010901387-1024x649.jpg 1024w, https:\/\/hanselmann.de\/wp-content\/uploads\/2024\/10\/Foto_JMG-Team01-scaled-e1732010901387-300x190.jpg 300w, https:\/\/hanselmann.de\/wp-content\/uploads\/2024\/10\/Foto_JMG-Team01-scaled-e1732010901387-768x487.jpg 768w, https:\/\/hanselmann.de\/wp-content\/uploads\/2024\/10\/Foto_JMG-Team01-scaled-e1732010901387-1536x973.jpg 1536w, https:\/\/hanselmann.de\/wp-content\/uploads\/2024\/10\/Foto_JMG-Team01-scaled-e1732010901387-2048x1297.jpg 2048w, https:\/\/hanselmann.de\/wp-content\/uploads\/2024\/10\/Foto_JMG-Team01-scaled-e1732010901387-18x12.jpg 18w\" sizes=\"auto, (max-width: 800px) 100vw, 800px\" \/>\t\t\t\t\t<\/div>\n\t\t\t\t\t<div class=\"col-lg-4 center-content sty_attentionGrabberCenterBackground\">\n\t\t\t\t\t\t\n\t\t\t\t\t<h2 class=\"sty_pb_d sty_txt sty_titleFontColor sty_titleFontFamily\" style=\"display:block;\">A Hanselmann piace: alta soddisfazione dei clienti di Google<\/h2><div class=\"sty_pb_e sty_txt sty_fontColor sty_textFontFamily\"><p class=\"p1 translation-block\">La nostra esperienza pluriennale e il nostro approccio orientato al cliente fanno s\u00ec che i nostri clienti possano sempre aspettarsi <b>la massima qualit\u00e0<\/b> e <b>affidabilit\u00e0<\/b>. Questo si riflette anche nelle numerose recensioni positive su Google. Convincetevi della nostra competenza e diventate parte dei nostri clienti soddisfatti.<\/p><p><img loading=\"lazy\" decoding=\"async\" class=\"alignnone size-medium wp-image-2945\" src=\"https:\/\/hanselmann.de\/wp-content\/uploads\/2024\/10\/Group-90-300x57.jpg\" alt=\"\" width=\"300\" height=\"57\" srcset=\"https:\/\/hanselmann.de\/wp-content\/uploads\/2024\/10\/Group-90-300x57.jpg 300w, https:\/\/hanselmann.de\/wp-content\/uploads\/2024\/10\/Group-90.jpg 354w\" sizes=\"auto, (max-width: 300px) 100vw, 300px\" \/><\/p><\/div>\n\t\t\t\t\t<\/div>\n\t\t\t\t\t<div class=\"col-lg-4 ms-auto sty_image right-image sty_fullwidthAttentionGrabberImageHeight sty_image-container\" style=\"min-height: 500px;\">\n\t\t\t\t\t\t<img decoding=\"async\" width=\"606\" height=\"1024\" src=\"https:\/\/hanselmann.de\/wp-content\/uploads\/2024\/11\/Foto_hanselmann_kaufen_Manitou_weltweit_mieten-e1731667089346-606x1024.jpg\" class=\"object-fit-cover w-100 h-100\" alt=\"\" loading=\"lazy\" srcset=\"https:\/\/hanselmann.de\/wp-content\/uploads\/2024\/11\/Foto_hanselmann_kaufen_Manitou_weltweit_mieten-e1731667089346-606x1024.jpg 606w, https:\/\/hanselmann.de\/wp-content\/uploads\/2024\/11\/Foto_hanselmann_kaufen_Manitou_weltweit_mieten-e1731667089346-177x300.jpg 177w, https:\/\/hanselmann.de\/wp-content\/uploads\/2024\/11\/Foto_hanselmann_kaufen_Manitou_weltweit_mieten-e1731667089346-768x1299.jpg 768w, https:\/\/hanselmann.de\/wp-content\/uploads\/2024\/11\/Foto_hanselmann_kaufen_Manitou_weltweit_mieten-e1731667089346-908x1536.jpg 908w, https:\/\/hanselmann.de\/wp-content\/uploads\/2024\/11\/Foto_hanselmann_kaufen_Manitou_weltweit_mieten-e1731667089346-7x12.jpg 7w, https:\/\/hanselmann.de\/wp-content\/uploads\/2024\/11\/Foto_hanselmann_kaufen_Manitou_weltweit_mieten-e1731667089346.jpg 1211w\" sizes=\"auto, (max-width: 606px) 100vw, 606px\" \/>\t\t\t\t\t<\/div>\n\t\t\t\t<\/div>\n\t\t\t<\/div>\n\t\t<\/section>\n\n\n\n\n\n\t\t\t\t\t<\/div>\n\t\t\t\t<\/div>\n\t\t\t\t<\/div>\n\t\t\t\t<\/div>\n\t\t\t\t<\/div>\n\t\t\t\t\t\t<\/div>\n\t\t\t\t<\/div>\n\t\t\t\t<\/div>\n\t\t\t\t<\/div>","protected":false},"excerpt":{"rendered":"<p>Mulinari Kauf, Miete und Service bei Hanselmann\u00a0 Mulinari Ger\u00e4te entdecken Die Marke Mulinari hat sich als unverzichtbarer Partner in der Welt der Kran-Technologie etabliert. Ob im Bauwesen, in Industriebetrieben, der Lagerlogistik oder in landwirtschaftlichen Betrieben \u2013 die Maschinen von Mulinari \u00fcberzeugen durch ihre robuste Konstruktion und energieeffiziente Antriebe. Diese Eigenschaften machen sie nicht nur sofort [&hellip;]<\/p>\n","protected":false},"author":3,"featured_media":0,"parent":3553,"menu_order":0,"comment_status":"closed","ping_status":"closed","template":"","meta":{"_acf_changed":false,"footnotes":""},"class_list":["post-37362","page","type-page","status-publish","hentry"],"acf":[],"_links":{"self":[{"href":"https:\/\/hanselmann.de\/it\/wp-json\/wp\/v2\/pages\/37362","targetHints":{"allow":["GET"]}}],"collection":[{"href":"https:\/\/hanselmann.de\/it\/wp-json\/wp\/v2\/pages"}],"about":[{"href":"https:\/\/hanselmann.de\/it\/wp-json\/wp\/v2\/types\/page"}],"author":[{"embeddable":true,"href":"https:\/\/hanselmann.de\/it\/wp-json\/wp\/v2\/users\/3"}],"replies":[{"embeddable":true,"href":"https:\/\/hanselmann.de\/it\/wp-json\/wp\/v2\/comments?post=37362"}],"version-history":[{"count":3,"href":"https:\/\/hanselmann.de\/it\/wp-json\/wp\/v2\/pages\/37362\/revisions"}],"predecessor-version":[{"id":38672,"href":"https:\/\/hanselmann.de\/it\/wp-json\/wp\/v2\/pages\/37362\/revisions\/38672"}],"up":[{"embeddable":true,"href":"https:\/\/hanselmann.de\/it\/wp-json\/wp\/v2\/pages\/3553"}],"wp:attachment":[{"href":"https:\/\/hanselmann.de\/it\/wp-json\/wp\/v2\/media?parent=37362"}],"curies":[{"name":"wp","href":"https:\/\/api.w.org\/{rel}","templated":true}]}}