{"id":37264,"date":"2025-07-30T10:45:54","date_gmt":"2025-07-30T10:45:54","guid":{"rendered":"https:\/\/hanselmann.de\/marken\/maeda\/baumaschine\/"},"modified":"2025-07-30T10:45:54","modified_gmt":"2025-07-30T10:45:54","slug":"maszyna-budowlana","status":"publish","type":"page","link":"https:\/\/hanselmann.de\/pl\/marken\/maeda\/baumaschine\/","title":{"rendered":"Maszyna budowlana"},"content":{"rendered":"<div data-elementor-type=\"page\" data-elementor-id=\"37264\" class=\"elementor elementor-37264\" data-elementor-post-type=\"page\">\n\t\t\t\t<div class=\"elementor-element elementor-element-b75e42c e-con-full sty_remove_padding kategorie-custom e-flex e-con e-parent\" data-id=\"b75e42c\" data-element_type=\"container\" data-e-type=\"container\">\n\t\t\t\t<div class=\"elementor-element elementor-element-f7b3584 fh-70vh sty_padding_inner_top_1 elementor-widget elementor-widget-s4_hero_fullwidth_bg_text_left\" data-id=\"f7b3584\" data-element_type=\"widget\" data-e-type=\"widget\" data-widget_type=\"s4_hero_fullwidth_bg_text_left.default\">\n\t\t\t\t<div class=\"elementor-widget-container\">\n\t\t\t\t\t\r\n\t<section class=\"position-relative sty_backgroundCover sty_moduleWrapper d-flex align-items-end justify-content-center\">\r\n                    <div class=\"background-overlay\" style=\"position: absolute; top: 0; left: 0; width: 100%; height: 100%; background-image: linear-gradient(to bottom, #001A3D80, #001A3D8C), url(https:\/\/hanselmann.de\/wp-content\/uploads\/2025\/05\/200-ATJ.png); background-size: cover; background-position: center;\"><\/div>\r\n        \t\t\t<div class=\"\" style=\"z-index:1;\">\r\n\t\t\t\t<div class=\"container\">\r\n\t\t\t\t\t<div class=\"row\">\r\n\t\t\t\t\t\t<div class=\"col-lg-6\">\r\n\t\t\t\t\t\t\t<h1 class=\"sty_pb_d sty_txt sty_titleFontColor sty_fontFamilyTitle\" style=\"display:block;\">Maszyna budowlana M\u00e4da<\/h1><div class=\"sty_pb_e sty_txt sty_fontColor sty_fontFamily\"><p><strong>Zakup, wynajem i serwis w firmie Hanselmann\u00a0<\/strong><\/p><\/div>        <div class=\"sty_pb_e\">\n            <div class='elementor-button-wrapper'>\n                                    <a class='elementor-button elementor-button-link elementor-size-sm  s4_alternateButtonTypeTransparentWhite primary-button-bg' href=\"https:\/\/app.hanselmann.de\/shop\/buy?q-shop-buy=Maeda\" target=\"_blank\" id=\"\">\n                        <span class=\"elementor-button-content-wrapper\" >\n                                                        <span class=\"elementor-button-text\">Odkryj maszyny budowlane<\/span>\n                        <\/span>\n                    <\/a>\n                \n                \n                            <\/div>\n                    <\/div>\n        \t\t\t\t\t\t<\/div>\r\n\t\t\t\t\t<\/div>\r\n\t\t\t\t<\/div>\r\n\r\n\t\t\t\t\r\n\t\t\t<\/div>\r\n\t\t<\/section>\r\n\r\n\t\t\t\t\t<\/div>\n\t\t\t\t<\/div>\n\t\t\t\t<\/div>\n\t\t<div class=\"elementor-element elementor-element-d0f66fd sty_margin_bottom_1 custom-p e-flex e-con-boxed e-con e-parent\" data-id=\"d0f66fd\" data-element_type=\"container\" data-e-type=\"container\">\n\t\t\t\t\t<div class=\"e-con-inner\">\n\t\t\t\t<div class=\"elementor-element elementor-element-95084c1 sty-sm col-md-8 sty_content-align-center elementor-widget elementor-widget-text-editor\" data-id=\"95084c1\" data-element_type=\"widget\" data-e-type=\"widget\" data-widget_type=\"text-editor.default\">\n\t\t\t\t<div class=\"elementor-widget-container\">\n\t\t\t\t\t\t\t\t\t<p>Odkryj wszechstronno\u015b\u0107 <strong>Maszyny budowlane M\u00e4da<\/strong> Hanselmann - ekspert w dziedzinie <strong>Wynajem, zakup i sprz\u0119t u\u017cywany<\/strong>. Wysokiej jako\u015bci maszyny firmy M\u00e4da, takie jak <strong>Teleskopowy w\u00f3zek wid\u0142owy Manitou<\/strong> i <strong>Podno\u015bnik no\u017cycowy Toyota<\/strong>, s\u0105 idealne do szerokiego zakresu zastosowa\u0144 w budownictwie, przemy\u015ble i logistyce. Dzi\u0119ki precyzyjnej technologii i solidnej konstrukcji oferuj\u0105 maksymaln\u0105 wydajno\u015b\u0107 i niezawodno\u015b\u0107. Niezale\u017cnie od tego, czy musisz pracowa\u0107 na wysoko\u015bci, czy przenosi\u0107 ci\u0119\u017ckie \u0142adunki, maszyny budowlane M\u00e4da s\u0105 idealnym wyborem dla Twoich projekt\u00f3w.<\/p>\n\n<p>Hanselmann jest niezawodny <strong>Dostawca<\/strong> dla <strong>Maszyny budowlane M\u00e4da<\/strong>, kt\u00f3re s\u0105 znane ze swojej trwa\u0142o\u015bci i wydajno\u015bci. Nasza szeroka gama opcji wynajmu i zakupu, a tak\u017ce certyfikowany sprz\u0119t u\u017cywany zapewnia elastyczno\u015b\u0107 w znalezieniu dok\u0142adnie takiej maszyny, jaka odpowiada Twoim potrzebom. Polegaj na naszej wiedzy i kompleksowych us\u0142ugach, aby z powodzeniem realizowa\u0107 swoje projekty. Odwied\u017a stron\u0119 hanselmann.de i odkryj korzy\u015bci p\u0142yn\u0105ce z <strong>Maszyny budowlane M\u00e4da<\/strong> dla Twojej bran\u017cy.<\/p>\t\t\t\t\t\t\t\t<\/div>\n\t\t\t\t<\/div>\n\t\t\t\t\t<\/div>\n\t\t\t\t<\/div>\n\t\t<div class=\"elementor-element elementor-element-7fc1020 sty_padding_inner_container_top_3 sty_padding_inner_container_bottom_3 sty_margin_bottom_1 e-flex e-con-boxed e-con e-parent\" data-id=\"7fc1020\" data-element_type=\"container\" data-e-type=\"container\" data-settings=\"{&quot;background_background&quot;:&quot;classic&quot;}\">\n\t\t\t\t\t<div class=\"e-con-inner\">\n\t\t<div class=\"elementor-element elementor-element-0e40575 e-con-full e-flex e-con e-child\" data-id=\"0e40575\" data-element_type=\"container\" data-e-type=\"container\">\n\t\t\t\t<div class=\"elementor-element elementor-element-8cb3780 elementor-widget__width-initial elementor-widget elementor-widget-heading\" data-id=\"8cb3780\" data-element_type=\"widget\" data-e-type=\"widget\" data-widget_type=\"heading.default\">\n\t\t\t\t<div class=\"elementor-widget-container\">\n\t\t\t\t\t<h2 class=\"elementor-heading-title elementor-size-default\">Nasze produkty do maszyn budowlanych M\u00e4da<\/h2>\t\t\t\t<\/div>\n\t\t\t\t<\/div>\n\t\t<div class=\"elementor-element elementor-element-1239312 e-con-full sty_remove_padding e-flex e-con e-child\" data-id=\"1239312\" data-element_type=\"container\" data-e-type=\"container\">\n\t\t\t\t<div class=\"elementor-element elementor-element-479312b elementor-widget elementor-widget-button\" data-id=\"479312b\" data-element_type=\"widget\" data-e-type=\"widget\" data-widget_type=\"button.default\">\n\t\t\t\t<div class=\"elementor-widget-container\">\n\t\t\t\t\t\t\t\t\t<div class=\"elementor-button-wrapper\">\n\t\t\t\t\t<a class=\"elementor-button elementor-button-link elementor-size-sm\" href=\"https:\/\/app.hanselmann.de\/shop\/buy?q-shop-buy=Maeda\">\n\t\t\t\t\t\t<span class=\"elementor-button-content-wrapper\">\n\t\t\t\t\t\t\t\t\t<span class=\"elementor-button-text\">Wy\u015bwietl wszystkie dost\u0119pne urz\u0105dzenia<\/span>\n\t\t\t\t\t<\/span>\n\t\t\t\t\t<\/a>\n\t\t\t\t<\/div>\n\t\t\t\t\t\t\t\t<\/div>\n\t\t\t\t<\/div>\n\t\t\t\t<\/div>\n\t\t\t\t<\/div>\n\t\t\t\t<div class=\"elementor-element elementor-element-c90ca95 elementor-widget elementor-widget-shortcode\" data-id=\"c90ca95\" data-element_type=\"widget\" data-e-type=\"widget\" data-widget_type=\"shortcode.default\">\n\t\t\t\t<div class=\"elementor-widget-container\">\n\t\t\t\t\t\t\t<div class=\"elementor-shortcode\">\r\n<div class=\"rw-brand-maschines-wrapper\" data-post-type=\"gebrauchtmaschine\">\r\n    <div class=\"rw-brand-maschines-slider splide\" \r\n         id=\"rw-machines-slider-69e0e6c25fbc4\" \r\n         data-splide-options='{\"pagination\":true,\"arrows\":true,\"autoplay\":false,\"perPage\":4}'>\r\n        \r\n        <div class=\"splide__track\">\r\n            <ul class=\"splide__list\">\r\n                                    <li class=\"splide__slide\">\r\n                        <!--<div class=\"product-card\" data-post-id=\"\">-->\r\n                        <div class=\"product-card product-card--without-specs\" data-post-id=\"33174\">\r\n\r\n                            \r\n                            <!-- Product Card Content -->\r\n                            <div class=\"product-card__content\">\r\n                                <div class=\"product-card__title\">\r\n                                    \r\n                                    \r\n                                        <span class=\"companyName\">Maeda <\/span>\r\n\r\n                                        <a href=\"https:\/\/hanselmann.de\/pl\/marki\/maeda\/maszyna-budowlana\/cc-1485\/\" class=\"product-card__title-link\" target=\"_self\" rel=\"noopener noreferrer\">    \r\n                                            <span class=\"maschineName\">CC 1485<\/span>\r\n                                        <\/a>\r\n\r\n                                <\/div>\r\n                                \r\n                                <div class=\"product-card__drive\">\r\n                                    Diesel                                <\/div>\r\n                            <\/div>\r\n\r\n                            <!-- Product Card Image -->\r\n                            <div class=\"product-card__image\">\r\n                                <img loading=\"lazy\" decoding=\"async\" width=\"800\" height=\"800\" src=\"https:\/\/hanselmann.de\/wp-content\/uploads\/2025\/07\/Hanselmann_Platzhalterbild_HOS_Geraete_quad-1024x1024.jpg\" class=\"rocket_exclude_lazy\" alt=\"\" srcset=\"https:\/\/hanselmann.de\/wp-content\/uploads\/2025\/07\/Hanselmann_Platzhalterbild_HOS_Geraete_quad-1024x1024.jpg 1024w, https:\/\/hanselmann.de\/wp-content\/uploads\/2025\/07\/Hanselmann_Platzhalterbild_HOS_Geraete_quad-300x300.jpg 300w, https:\/\/hanselmann.de\/wp-content\/uploads\/2025\/07\/Hanselmann_Platzhalterbild_HOS_Geraete_quad-150x150.jpg 150w, https:\/\/hanselmann.de\/wp-content\/uploads\/2025\/07\/Hanselmann_Platzhalterbild_HOS_Geraete_quad-768x768.jpg 768w, https:\/\/hanselmann.de\/wp-content\/uploads\/2025\/07\/Hanselmann_Platzhalterbild_HOS_Geraete_quad-12x12.jpg 12w, https:\/\/hanselmann.de\/wp-content\/uploads\/2025\/07\/Hanselmann_Platzhalterbild_HOS_Geraete_quad.jpg 1080w\" sizes=\"auto, (max-width: 800px) 100vw, 800px\" \/>                            <\/div>\r\n\r\n                            <!-- Product Card Button -->\r\n                            <div class=\"elementor-button-wrapper\">\r\n                                                                <a href=\"https:\/\/hanselmann.de\/pl\/marki\/maeda\/maszyna-budowlana\/cc-1485\/\" class=\"elementor-button elementor-button-link elementor-size-sm\" target=\"_self\" rel=\"noopener noreferrer\">\r\n                                    <span style=\"display:none;\">+<\/span> Wy\u015bwietl i poka\u017c szczeg\u00f3\u0142y\r\n                                <\/a>            \r\n                            <\/div>\r\n                            \r\n                            <!-- ACF Fields Display -->\r\n                                                        \r\n                        <\/div>\r\n                    <\/li>\r\n                                    <li class=\"splide__slide\">\r\n                        <!--<div class=\"product-card\" data-post-id=\"\">-->\r\n                        <div class=\"product-card product-card--without-specs\" data-post-id=\"33158\">\r\n\r\n                            \r\n                            <!-- Product Card Content -->\r\n                            <div class=\"product-card__content\">\r\n                                <div class=\"product-card__title\">\r\n                                    \r\n                                    \r\n                                        <span class=\"companyName\">Maeda <\/span>\r\n\r\n                                        <a href=\"https:\/\/hanselmann.de\/pl\/marki\/maeda\/maszyna-budowlana\/mc-405\/\" class=\"product-card__title-link\" target=\"_self\" rel=\"noopener noreferrer\">    \r\n                                            <span class=\"maschineName\">MC-405<\/span>\r\n                                        <\/a>\r\n\r\n                                <\/div>\r\n                                \r\n                                <div class=\"product-card__drive\">\r\n                                    Elektryczny                                <\/div>\r\n                            <\/div>\r\n\r\n                            <!-- Product Card Image -->\r\n                            <div class=\"product-card__image\">\r\n                                <img loading=\"lazy\" decoding=\"async\" width=\"800\" height=\"800\" src=\"https:\/\/hanselmann.de\/wp-content\/uploads\/2025\/07\/Hanselmann_Platzhalterbild_HOS_Geraete_quad-1024x1024.jpg\" class=\"rocket_exclude_lazy\" alt=\"\" srcset=\"https:\/\/hanselmann.de\/wp-content\/uploads\/2025\/07\/Hanselmann_Platzhalterbild_HOS_Geraete_quad-1024x1024.jpg 1024w, https:\/\/hanselmann.de\/wp-content\/uploads\/2025\/07\/Hanselmann_Platzhalterbild_HOS_Geraete_quad-300x300.jpg 300w, https:\/\/hanselmann.de\/wp-content\/uploads\/2025\/07\/Hanselmann_Platzhalterbild_HOS_Geraete_quad-150x150.jpg 150w, https:\/\/hanselmann.de\/wp-content\/uploads\/2025\/07\/Hanselmann_Platzhalterbild_HOS_Geraete_quad-768x768.jpg 768w, https:\/\/hanselmann.de\/wp-content\/uploads\/2025\/07\/Hanselmann_Platzhalterbild_HOS_Geraete_quad-12x12.jpg 12w, https:\/\/hanselmann.de\/wp-content\/uploads\/2025\/07\/Hanselmann_Platzhalterbild_HOS_Geraete_quad.jpg 1080w\" sizes=\"auto, (max-width: 800px) 100vw, 800px\" \/>                            <\/div>\r\n\r\n                            <!-- Product Card Button -->\r\n                            <div class=\"elementor-button-wrapper\">\r\n                                                                <a href=\"https:\/\/hanselmann.de\/pl\/marki\/maeda\/maszyna-budowlana\/mc-405\/\" class=\"elementor-button elementor-button-link elementor-size-sm\" target=\"_self\" rel=\"noopener noreferrer\">\r\n                                    <span style=\"display:none;\">+<\/span> Wy\u015bwietl i poka\u017c szczeg\u00f3\u0142y\r\n                                <\/a>            \r\n                            <\/div>\r\n                            \r\n                            <!-- ACF Fields Display -->\r\n                                                        \r\n                        <\/div>\r\n                    <\/li>\r\n                            <\/ul>\r\n        <\/div>\r\n\r\n\r\n\r\n                    <!-- Pagination Dots -->\r\n            <ul class=\"splide__pagination\"><\/ul>\r\n            <\/div>\r\n<\/div><\/div>\n\t\t\t\t\t\t<\/div>\n\t\t\t\t<\/div>\n\t\t\t\t\t<\/div>\n\t\t\t\t<\/div>\n\t\t<div class=\"elementor-element elementor-element-6e72a85 e-con-full sty_remove_padding e-flex e-con e-parent\" data-id=\"6e72a85\" data-element_type=\"container\" data-e-type=\"container\">\n\t\t\t\t<div class=\"elementor-element elementor-element-3d086b8 elementor-widget elementor-widget-template\" data-id=\"3d086b8\" data-element_type=\"widget\" data-e-type=\"widget\" data-widget_type=\"template.default\">\n\t\t\t\t<div class=\"elementor-widget-container\">\n\t\t\t\t\t\t\t<div class=\"elementor-template\">\n\t\t\t\t\t<div data-elementor-type=\"container\" data-elementor-id=\"5344\" class=\"elementor elementor-5344\" data-elementor-post-type=\"elementor_library\">\n\t\t\t\t<div class=\"elementor-element elementor-element-5f80872d e-con-full sty_remove_padding e-flex e-con e-parent\" data-id=\"5f80872d\" data-element_type=\"container\" data-e-type=\"container\">\n\t\t\t\t<div class=\"elementor-element elementor-element-648ecebe elementor-widget elementor-widget-s4_attention_grabber\" data-id=\"648ecebe\" data-element_type=\"widget\" data-e-type=\"widget\" data-widget_type=\"s4_attention_grabber.default\">\n\t\t\t\t<div class=\"elementor-widget-container\">\n\t\t\t\t\t\n\t\t<section class=\"sty_moduleWrapper\">\n\t\t\t<div class=\"container-fluid sty_fullwidthAttentionGrabber\">\n\t\t\t\t<div class=\"row\">\n\t\t\t\t\t<div class=\"col-lg-4 me-auto sty_image left-image sty_fullwidthAttentionGrabberImageHeight sty_image-container\" style=\"min-height: 500px;\">\n\t\t\t\t\t\t<img decoding=\"async\" width=\"800\" height=\"507\" src=\"https:\/\/hanselmann.de\/wp-content\/uploads\/2024\/10\/Foto_JMG-Team01-scaled-e1732010901387-1024x649.jpg\" class=\"object-fit-cover w-100 h-100\" alt=\"Zesp\u00f3\u0142 Hanselmann przed d\u017awigami JMG\" loading=\"lazy\" srcset=\"https:\/\/hanselmann.de\/wp-content\/uploads\/2024\/10\/Foto_JMG-Team01-scaled-e1732010901387-1024x649.jpg 1024w, https:\/\/hanselmann.de\/wp-content\/uploads\/2024\/10\/Foto_JMG-Team01-scaled-e1732010901387-300x190.jpg 300w, https:\/\/hanselmann.de\/wp-content\/uploads\/2024\/10\/Foto_JMG-Team01-scaled-e1732010901387-768x487.jpg 768w, https:\/\/hanselmann.de\/wp-content\/uploads\/2024\/10\/Foto_JMG-Team01-scaled-e1732010901387-1536x973.jpg 1536w, https:\/\/hanselmann.de\/wp-content\/uploads\/2024\/10\/Foto_JMG-Team01-scaled-e1732010901387-2048x1297.jpg 2048w, https:\/\/hanselmann.de\/wp-content\/uploads\/2024\/10\/Foto_JMG-Team01-scaled-e1732010901387-18x12.jpg 18w\" sizes=\"auto, (max-width: 800px) 100vw, 800px\" \/>\t\t\t\t\t<\/div>\n\t\t\t\t\t<div class=\"col-lg-4 center-content sty_attentionGrabberCenterBackground\">\n\t\t\t\t\t\t\n\t\t\t\t\t<h2 class=\"sty_pb_d sty_txt sty_titleFontColor sty_titleFontFamily\" style=\"display:block;\">Hanselmann cieszy si\u0119 wysok\u0105 ocen\u0105 klient\u00f3w w Google<\/h2><div class=\"sty_pb_e sty_txt sty_fontColor sty_textFontFamily\"><p class=\"p1 translation-block\">Nasze wieloletnie do\u015bwiadczenie oraz podej\u015bcie zorientowane na klienta sprawiaj\u0105, \u017ce nasi klienci mog\u0105 zawsze liczy\u0107 na najwy\u017csz\u0105 jako\u015b\u0107 i niezawodno\u015b\u0107. Potwierdzaj\u0105 to liczne pozytywne opinie na Google. Przekonaj si\u0119 sam o naszej fachowo\u015bci i do\u0142\u0105cz do grona zadowolonych klient\u00f3w.<\/p><p><img loading=\"lazy\" decoding=\"async\" class=\"alignnone size-medium wp-image-2945\" src=\"https:\/\/hanselmann.de\/wp-content\/uploads\/2024\/10\/Group-90-300x57.jpg\" alt=\"\" width=\"300\" height=\"57\" srcset=\"https:\/\/hanselmann.de\/wp-content\/uploads\/2024\/10\/Group-90-300x57.jpg 300w, https:\/\/hanselmann.de\/wp-content\/uploads\/2024\/10\/Group-90.jpg 354w\" sizes=\"auto, (max-width: 300px) 100vw, 300px\" \/><\/p><\/div>\n\t\t\t\t\t<\/div>\n\t\t\t\t\t<div class=\"col-lg-4 ms-auto sty_image right-image sty_fullwidthAttentionGrabberImageHeight sty_image-container\" style=\"min-height: 500px;\">\n\t\t\t\t\t\t<img decoding=\"async\" width=\"606\" height=\"1024\" src=\"https:\/\/hanselmann.de\/wp-content\/uploads\/2024\/11\/Foto_hanselmann_kaufen_Manitou_weltweit_mieten-e1731667089346-606x1024.jpg\" class=\"object-fit-cover w-100 h-100\" alt=\"\" loading=\"lazy\" srcset=\"https:\/\/hanselmann.de\/wp-content\/uploads\/2024\/11\/Foto_hanselmann_kaufen_Manitou_weltweit_mieten-e1731667089346-606x1024.jpg 606w, https:\/\/hanselmann.de\/wp-content\/uploads\/2024\/11\/Foto_hanselmann_kaufen_Manitou_weltweit_mieten-e1731667089346-177x300.jpg 177w, https:\/\/hanselmann.de\/wp-content\/uploads\/2024\/11\/Foto_hanselmann_kaufen_Manitou_weltweit_mieten-e1731667089346-768x1299.jpg 768w, https:\/\/hanselmann.de\/wp-content\/uploads\/2024\/11\/Foto_hanselmann_kaufen_Manitou_weltweit_mieten-e1731667089346-908x1536.jpg 908w, https:\/\/hanselmann.de\/wp-content\/uploads\/2024\/11\/Foto_hanselmann_kaufen_Manitou_weltweit_mieten-e1731667089346-7x12.jpg 7w, https:\/\/hanselmann.de\/wp-content\/uploads\/2024\/11\/Foto_hanselmann_kaufen_Manitou_weltweit_mieten-e1731667089346.jpg 1211w\" sizes=\"auto, (max-width: 606px) 100vw, 606px\" \/>\t\t\t\t\t<\/div>\n\t\t\t\t<\/div>\n\t\t\t<\/div>\n\t\t<\/section>\n\n\n\n\n\n\t\t\t\t\t<\/div>\n\t\t\t\t<\/div>\n\t\t\t\t<\/div>\n\t\t\t\t<\/div>\n\t\t\t\t<\/div>\n\t\t\t\t\t\t<\/div>\n\t\t\t\t<\/div>\n\t\t\t\t<\/div>\n\t\t\t\t<\/div>","protected":false},"excerpt":{"rendered":"<p>Baumaschine Kauf, Miete und Service bei Hanselmann\u00a0 Baumaschine Ger\u00e4te entdecken &lt;p&gt;Entdecken Sie die &lt;strong&gt;Baumaschine Maeda&lt;\/strong&gt;, die ideale L\u00f6sung f\u00fcr vielf\u00e4ltige Einsatzm\u00f6glichkeiten in Bau, Industrie und Logistik. Diese Maschinen bieten herausragende Eigenschaften wie kompakte Bauweise und hohe Man\u00f6vrierf\u00e4higkeit, die sie perfekt f\u00fcr Arbeiten in beengten R\u00e4umen machen. Mit ihrer pr\u00e4zisen Hebefunktion und der fortschrittlichen Technologie sind [&hellip;]<\/p>\n","protected":false},"author":3,"featured_media":0,"parent":37262,"menu_order":0,"comment_status":"closed","ping_status":"closed","template":"","meta":{"_acf_changed":false,"footnotes":""},"class_list":["post-37264","page","type-page","status-publish","hentry"],"acf":[],"_links":{"self":[{"href":"https:\/\/hanselmann.de\/pl\/wp-json\/wp\/v2\/pages\/37264","targetHints":{"allow":["GET"]}}],"collection":[{"href":"https:\/\/hanselmann.de\/pl\/wp-json\/wp\/v2\/pages"}],"about":[{"href":"https:\/\/hanselmann.de\/pl\/wp-json\/wp\/v2\/types\/page"}],"author":[{"embeddable":true,"href":"https:\/\/hanselmann.de\/pl\/wp-json\/wp\/v2\/users\/3"}],"replies":[{"embeddable":true,"href":"https:\/\/hanselmann.de\/pl\/wp-json\/wp\/v2\/comments?post=37264"}],"version-history":[{"count":1,"href":"https:\/\/hanselmann.de\/pl\/wp-json\/wp\/v2\/pages\/37264\/revisions"}],"predecessor-version":[{"id":37265,"href":"https:\/\/hanselmann.de\/pl\/wp-json\/wp\/v2\/pages\/37264\/revisions\/37265"}],"up":[{"embeddable":true,"href":"https:\/\/hanselmann.de\/pl\/wp-json\/wp\/v2\/pages\/37262"}],"wp:attachment":[{"href":"https:\/\/hanselmann.de\/pl\/wp-json\/wp\/v2\/media?parent=37264"}],"curies":[{"name":"wp","href":"https:\/\/api.w.org\/{rel}","templated":true}]}}